{"id":87,"date":"2014-04-03T15:44:41","date_gmt":"2014-04-03T13:44:41","guid":{"rendered":"http:\/\/54094414.swh.strato-hosting.eu\/wordpress\/?page_id=87"},"modified":"2014-05-16T16:02:02","modified_gmt":"2014-05-16T14:02:02","slug":"werkstoffe","status":"publish","type":"page","link":"https:\/\/www.bf-tiefbohren.de\/en\/materials\/","title":{"rendered":"Materials"},"content":{"rendered":"<h1>Materials &ndash; The challenge<\/h1>\n<h2>All under control.<\/h2>\n<p>It&rsquo;s hard to believe how many different workpieces and materials require precision deep-hole drilling, oil channel drilling, cooling duct drilling or lightening drilling by B+F. That is precisely why we concentrate exclusively on this specialized metal-cutting discipline<\/p>\n<p>Anyone who works copper in the morning, aluminum two hours later and yet another material in the afternoon has more than enough variety. Because in our experience each material has its own special characteristics and as far as cutting speeds, chip flow and tool selection are concerned, it requires millions of drill holes. So it probably won&rsquo;t come as a surprise to hear that we even drill such exotic materials as titanium.<\/p>\n<ul style=\"padding-left: 15px;\">\n<li>\n\t\t\t\t\tStainless steels\n\t\t\t\t<\/li>\n<li>\n\t\t\t\t\tTempering steels\n\t\t\t\t<\/li>\n<li>\n\t\t\t\t\tHardened steels\n\t\t\t\t<\/li>\n<li>\n\t\t\t\t\tMild steels\n\t\t\t\t<\/li>\n<li>\n\t\t\t\t\tBrass\n\t\t\t\t<\/li>\n<li>\n\t\t\t\t\tCopper\n\t\t\t\t<\/li>\n<li>\n\t\t\t\t\tAluminium\n\t\t\t\t<\/li>\n<li>\n\t\t\t\t\tPlastics, e.g. polyamide\n\t\t\t\t<\/li>\n<li>\n\t\t\t\t\tDifficult-to-work materials\n\t\t\t\t<\/li>\n<\/ul>\n<style>\n#background .attachment-post-thumbnail {\n  margin-left: 100px\n}\n<\/style>\n","protected":false},"excerpt":{"rendered":"<p>Materials &#8211; The challenge All under control. It&#8217;s hard to believe how many different workpieces and materials require precision deep-hole drilling, oil channel drilling, cooling duct drilling or lightening drilling by B+F. That is precisely why we concentrate exclusively on this specialized metal-cutting discipline Anyone who works copper in the morning, aluminum two hours later [&hellip;]<\/p>\n","protected":false},"author":1,"featured_media":191,"parent":0,"menu_order":0,"comment_status":"closed","ping_status":"closed","template":"","meta":[],"yoast_head":"<!-- This site is optimized with the Yoast SEO plugin v20.3 - https:\/\/yoast.com\/wordpress\/plugins\/seo\/ -->\n<title>WerkstoffeMaterials - B+F Pr\u00e4zisionstiefbohr GmbH &amp; Co. KG - Tieflochbohren \/ Tiefbohren seit 1977<\/title>\n<meta name=\"robots\" content=\"index, follow, max-snippet:-1, max-image-preview:large, max-video-preview:-1\" \/>\n<link rel=\"canonical\" href=\"https:\/\/www.bf-tiefbohren.de\/werkstoffe\/\" \/>\n<meta property=\"og:locale\" content=\"en_US\" \/>\n<meta property=\"og:type\" content=\"article\" \/>\n<meta property=\"og:title\" content=\"WerkstoffeMaterials - B+F Pr\u00e4zisionstiefbohr GmbH &amp; Co. KG - Tieflochbohren \/ Tiefbohren seit 1977\" \/>\n<meta property=\"og:description\" content=\"Materials &#8211; The challenge All under control. It&#8217;s hard to believe how many different workpieces and materials require precision deep-hole drilling, oil channel drilling, cooling duct drilling or lightening drilling by B+F. That is precisely why we concentrate exclusively on this specialized metal-cutting discipline Anyone who works copper in the morning, aluminum two hours later [&hellip;]\" \/>\n<meta property=\"og:url\" content=\"https:\/\/www.bf-tiefbohren.de\/werkstoffe\/\" \/>\n<meta property=\"og:site_name\" content=\"B+F Pr\u00e4zisionstiefbohr GmbH &amp; Co. KG - Tieflochbohren \/ Tiefbohren seit 1977\" \/>\n<meta property=\"article:modified_time\" content=\"2014-05-16T14:02:02+00:00\" \/>\n<meta property=\"og:image\" content=\"https:\/\/www.bf-tiefbohren.de\/wp-content\/uploads\/2014\/04\/werkstoffe.jpg\" \/>\n\t<meta property=\"og:image:width\" content=\"217\" \/>\n\t<meta property=\"og:image:height\" content=\"110\" \/>\n\t<meta property=\"og:image:type\" content=\"image\/jpeg\" \/>\n<meta name=\"twitter:card\" content=\"summary_large_image\" \/>\n<meta name=\"twitter:label1\" content=\"Est. reading time\" \/>\n\t<meta name=\"twitter:data1\" content=\"1 minute\" \/>\n<script type=\"application\/ld+json\" class=\"yoast-schema-graph\">{\"@context\":\"https:\/\/schema.org\",\"@graph\":[{\"@type\":\"WebPage\",\"@id\":\"https:\/\/www.bf-tiefbohren.de\/werkstoffe\/\",\"url\":\"https:\/\/www.bf-tiefbohren.de\/werkstoffe\/\",\"name\":\"WerkstoffeMaterials - B+F Pr\u00e4zisionstiefbohr GmbH &amp; Co. KG - Tieflochbohren \/ Tiefbohren seit 1977\",\"isPartOf\":{\"@id\":\"https:\/\/www.bf-tiefbohren.de\/#website\"},\"datePublished\":\"2014-04-03T13:44:41+00:00\",\"dateModified\":\"2014-05-16T14:02:02+00:00\",\"breadcrumb\":{\"@id\":\"https:\/\/www.bf-tiefbohren.de\/werkstoffe\/#breadcrumb\"},\"inLanguage\":\"en-US\",\"potentialAction\":[{\"@type\":\"ReadAction\",\"target\":[\"https:\/\/www.bf-tiefbohren.de\/werkstoffe\/\"]}]},{\"@type\":\"BreadcrumbList\",\"@id\":\"https:\/\/www.bf-tiefbohren.de\/werkstoffe\/#breadcrumb\",\"itemListElement\":[{\"@type\":\"ListItem\",\"position\":1,\"name\":\"Startseite\",\"item\":\"https:\/\/www.bf-tiefbohren.de\/\"},{\"@type\":\"ListItem\",\"position\":2,\"name\":\"Werkstoffe\"}]},{\"@type\":\"WebSite\",\"@id\":\"https:\/\/www.bf-tiefbohren.de\/#website\",\"url\":\"https:\/\/www.bf-tiefbohren.de\/\",\"name\":\"B+F Pr\u00e4zisionstiefbohr GmbH &amp; Co. KG - Tieflochbohren \/ Tiefbohren seit 1977\",\"description\":\"Die B+F GmbH besch\u00e4ftigt sich seit 1977 mit dem professionellen Tieflochbohren im Lohn von \u00d82 bis \u00d8170mm\",\"potentialAction\":[{\"@type\":\"SearchAction\",\"target\":{\"@type\":\"EntryPoint\",\"urlTemplate\":\"https:\/\/www.bf-tiefbohren.de\/?s={search_term_string}\"},\"query-input\":\"required name=search_term_string\"}],\"inLanguage\":\"en-US\"}]}<\/script>\n<!-- \/ Yoast SEO plugin. -->","yoast_head_json":{"title":"WerkstoffeMaterials - B+F Pr\u00e4zisionstiefbohr GmbH &amp; Co. KG - Tieflochbohren \/ Tiefbohren seit 1977","robots":{"index":"index","follow":"follow","max-snippet":"max-snippet:-1","max-image-preview":"max-image-preview:large","max-video-preview":"max-video-preview:-1"},"canonical":"https:\/\/www.bf-tiefbohren.de\/werkstoffe\/","og_locale":"en_US","og_type":"article","og_title":"WerkstoffeMaterials - B+F Pr\u00e4zisionstiefbohr GmbH &amp; Co. KG - Tieflochbohren \/ Tiefbohren seit 1977","og_description":"Materials &#8211; The challenge All under control. It&#8217;s hard to believe how many different workpieces and materials require precision deep-hole drilling, oil channel drilling, cooling duct drilling or lightening drilling by B+F. That is precisely why we concentrate exclusively on this specialized metal-cutting discipline Anyone who works copper in the morning, aluminum two hours later [&hellip;]","og_url":"https:\/\/www.bf-tiefbohren.de\/werkstoffe\/","og_site_name":"B+F Pr\u00e4zisionstiefbohr GmbH &amp; Co. KG - Tieflochbohren \/ Tiefbohren seit 1977","article_modified_time":"2014-05-16T14:02:02+00:00","og_image":[{"width":217,"height":110,"url":"https:\/\/www.bf-tiefbohren.de\/wp-content\/uploads\/2014\/04\/werkstoffe.jpg","type":"image\/jpeg"}],"twitter_card":"summary_large_image","twitter_misc":{"Est. reading time":"1 minute"},"schema":{"@context":"https:\/\/schema.org","@graph":[{"@type":"WebPage","@id":"https:\/\/www.bf-tiefbohren.de\/werkstoffe\/","url":"https:\/\/www.bf-tiefbohren.de\/werkstoffe\/","name":"WerkstoffeMaterials - B+F Pr\u00e4zisionstiefbohr GmbH &amp; Co. KG - Tieflochbohren \/ Tiefbohren seit 1977","isPartOf":{"@id":"https:\/\/www.bf-tiefbohren.de\/#website"},"datePublished":"2014-04-03T13:44:41+00:00","dateModified":"2014-05-16T14:02:02+00:00","breadcrumb":{"@id":"https:\/\/www.bf-tiefbohren.de\/werkstoffe\/#breadcrumb"},"inLanguage":"en-US","potentialAction":[{"@type":"ReadAction","target":["https:\/\/www.bf-tiefbohren.de\/werkstoffe\/"]}]},{"@type":"BreadcrumbList","@id":"https:\/\/www.bf-tiefbohren.de\/werkstoffe\/#breadcrumb","itemListElement":[{"@type":"ListItem","position":1,"name":"Startseite","item":"https:\/\/www.bf-tiefbohren.de\/"},{"@type":"ListItem","position":2,"name":"Werkstoffe"}]},{"@type":"WebSite","@id":"https:\/\/www.bf-tiefbohren.de\/#website","url":"https:\/\/www.bf-tiefbohren.de\/","name":"B+F Pr\u00e4zisionstiefbohr GmbH &amp; Co. KG - Tieflochbohren \/ Tiefbohren seit 1977","description":"Die B+F GmbH besch\u00e4ftigt sich seit 1977 mit dem professionellen Tieflochbohren im Lohn von \u00d82 bis \u00d8170mm","potentialAction":[{"@type":"SearchAction","target":{"@type":"EntryPoint","urlTemplate":"https:\/\/www.bf-tiefbohren.de\/?s={search_term_string}"},"query-input":"required name=search_term_string"}],"inLanguage":"en-US"}]}},"_links":{"self":[{"href":"https:\/\/www.bf-tiefbohren.de\/en\/wp-json\/wp\/v2\/pages\/87"}],"collection":[{"href":"https:\/\/www.bf-tiefbohren.de\/en\/wp-json\/wp\/v2\/pages"}],"about":[{"href":"https:\/\/www.bf-tiefbohren.de\/en\/wp-json\/wp\/v2\/types\/page"}],"author":[{"embeddable":true,"href":"https:\/\/www.bf-tiefbohren.de\/en\/wp-json\/wp\/v2\/users\/1"}],"replies":[{"embeddable":true,"href":"https:\/\/www.bf-tiefbohren.de\/en\/wp-json\/wp\/v2\/comments?post=87"}],"version-history":[{"count":2,"href":"https:\/\/www.bf-tiefbohren.de\/en\/wp-json\/wp\/v2\/pages\/87\/revisions"}],"predecessor-version":[{"id":231,"href":"https:\/\/www.bf-tiefbohren.de\/en\/wp-json\/wp\/v2\/pages\/87\/revisions\/231"}],"wp:featuredmedia":[{"embeddable":true,"href":"https:\/\/www.bf-tiefbohren.de\/en\/wp-json\/wp\/v2\/media\/191"}],"wp:attachment":[{"href":"https:\/\/www.bf-tiefbohren.de\/en\/wp-json\/wp\/v2\/media?parent=87"}],"curies":[{"name":"wp","href":"https:\/\/api.w.org\/{rel}","templated":true}]}}