{"id":85,"date":"2014-04-03T15:44:10","date_gmt":"2014-04-03T13:44:10","guid":{"rendered":"http:\/\/54094414.swh.strato-hosting.eu\/wordpress\/?page_id=85"},"modified":"2020-07-22T16:24:24","modified_gmt":"2020-07-22T14:24:24","slug":"vorteile","status":"publish","type":"page","link":"https:\/\/www.bf-tiefbohren.de\/en\/benefits\/","title":{"rendered":"(Deutsch) Vorteile"},"content":{"rendered":"\n<h1>Vorteile &ndash; Warum B+F?<\/h1>\n<h2>Nutzen Sie die Vorteile von B+F<\/h2>\n<p>Neben der Pr&auml;zision, der Erfahrung und dem Engagement, k&ouml;nnen Sie in der Zusammenarbeit mit B+F auf viele gute Gr&uuml;nde bauen:<\/p>\n<ul style=\"pading-left: 10px;\">\n<li>Kurzfristige Reaktion auf Kundenw&uuml;nsche durch einen umfangreichen Bestand an Bohrwerkzeugen und Werkst&uuml;ckaufnahmen<\/li>\n<li>Hohe Verf&uuml;gbarkeit und kurze Lieferzeiten durch eine enorme Flexibilit&auml;t und die Konzentration auf Kleinserien bis hin zu 20.000 St&uuml;ck<\/li>\n<li>Gr&uuml;ndliche Technikabkl&auml;rung und Beratung durch erfahrene, aus der Praxis kommende Ansprechpartner<\/li>\n<li>Sorgf&auml;ltiges, verantwortungsbewu&szlig;tes Handling der Kundenteile<\/li>\n<li>Gro&szlig;z&uuml;gige Kapazit&auml;t durch einen umfangreichen und vielf&auml;ltigen Maschinenpark<\/li>\n<li>Ausgepr&auml;gte Qualit&auml;tsorientierung<\/li>\n<li>Termintreue und zuverl&auml;ssige Logistik<\/li>\n<li>wir sind nach ISO 9001:2015 und ISO 14001:2015 zertifiziert<\/li>\n<\/ul>\n<p>Gute Gesch&auml;ftsbeziehungen sind solche, von denen beide Seiten bleibenden Nutzen haben.<br>Nutzen Sie unsere Tieflochbohr-Kompetenz. Werden Sie zufriedener B+F-Kunde wie so viele andere auch.<br>\n<\/p><p style=\"margin-top:25px;\"><strong>Kontaktieren Sie uns! &ndash; Wir unterbreiten Ihnen gerne ein preiswertes Angebot!<br><\/strong><br><\/p>\n<p>\nEmail: <a title=\"Kontakt per Email\" href=\"mailto:info@bf-tiefbohren.de\">info@bf-tiefbohren.de<\/a><br>Telefon: 07382 \/ 93 77 60<br>Fax: 07382 \/ 93 77 77<\/p>\n<p style=\"margin-top:30px;\">Viele weitere Informationen rund um das Thema <a title=\"Tieflochbohren\" href=\"https:\/\/www.bf-tiefbohren.de\/tieflochbohren\">Tieflochbohren<\/a> in verschiedenen Werkstoffen und Materialien wie z.B. Stahl, Edelstahl, Aluminium, Kupfer, Schwermetall, Kunststoff u.v.w. erhalten Sie auf unserer Webseite. Gerne beraten wir Sie hierzu auch telefonisch.<\/p>\n<p><\/p>\n<h1>The benefits &ndash; Why B+F?<\/h1>\n<h2>Take advantage of the benefits of working with B+F<\/h2>\n<p>Apart from our precision, experience and commitment, there are several more good reasons to work together with B+F:<\/p>\n<ul style=\"pading-left: 10px;\">\n<li>Ultra-short reactions to customer wishes due to extensive inventory of drilling tools and tool adapters<\/li>\n<li>High availability and short delivery times due to enormous flexibility and concentration on short runs up to 2,000 items<\/li>\n<li>Thorough explanation of technology and consulting from contacts highly experienced in practical application<\/li>\n<li>Careful and responsible handling of customer parts<\/li>\n<li>Generous capacity via extensive and varied machine park<\/li>\n<li>Highly distinctive quality orientation<\/li>\n<li>Deadlines always met, logistics always reliable<\/li>\n<\/ul>\n<p>Good business relations are those that provide both sides with lasting benefits. Take advantage of our deep-hole competence. Become a satisfied B+F customer like so many others.<\/p>\n<p><\/p>\n\n\n","protected":false},"excerpt":{"rendered":"<p>Vorteile &#8211; Warum B+F? Nutzen Sie die Vorteile von B+F Neben der Pr\u00e4zision, der Erfahrung und dem Engagement, k\u00f6nnen Sie in der Zusammenarbeit mit B+F auf viele gute Gr\u00fcnde bauen: Kurzfristige Reaktion auf Kundenw\u00fcnsche durch einen umfangreichen Bestand an Bohrwerkzeugen und Werkst\u00fcckaufnahmen Hohe Verf\u00fcgbarkeit und kurze Lieferzeiten durch eine enorme Flexibilit\u00e4t und die Konzentration auf [&hellip;]<\/p>\n","protected":false},"author":1,"featured_media":190,"parent":0,"menu_order":0,"comment_status":"closed","ping_status":"closed","template":"","meta":[],"yoast_head":"<!-- This site is optimized with the Yoast SEO plugin v20.3 - https:\/\/yoast.com\/wordpress\/plugins\/seo\/ -->\n<title>Vorteile - B+F Pr\u00e4zisionstiefbohr GmbH &amp; Co. KG - Tieflochbohren \/ Tiefbohren seit 1977<\/title>\n<meta name=\"robots\" content=\"index, follow, max-snippet:-1, max-image-preview:large, max-video-preview:-1\" \/>\n<link rel=\"canonical\" href=\"https:\/\/www.bf-tiefbohren.de\/vorteile\/\" \/>\n<meta property=\"og:locale\" content=\"en_US\" \/>\n<meta property=\"og:type\" content=\"article\" \/>\n<meta property=\"og:title\" content=\"Vorteile - B+F Pr\u00e4zisionstiefbohr GmbH &amp; Co. KG - Tieflochbohren \/ Tiefbohren seit 1977\" \/>\n<meta property=\"og:description\" content=\"Vorteile &#8211; Warum B+F? Nutzen Sie die Vorteile von B+F Neben der Pr\u00e4zision, der Erfahrung und dem Engagement, k\u00f6nnen Sie in der Zusammenarbeit mit B+F auf viele gute Gr\u00fcnde bauen: Kurzfristige Reaktion auf Kundenw\u00fcnsche durch einen umfangreichen Bestand an Bohrwerkzeugen und Werkst\u00fcckaufnahmen Hohe Verf\u00fcgbarkeit und kurze Lieferzeiten durch eine enorme Flexibilit\u00e4t und die Konzentration auf [&hellip;]\" \/>\n<meta property=\"og:url\" content=\"https:\/\/www.bf-tiefbohren.de\/vorteile\/\" \/>\n<meta property=\"og:site_name\" content=\"B+F Pr\u00e4zisionstiefbohr GmbH &amp; Co. KG - Tieflochbohren \/ Tiefbohren seit 1977\" \/>\n<meta property=\"article:modified_time\" content=\"2020-07-22T14:24:24+00:00\" \/>\n<meta property=\"og:image\" content=\"https:\/\/www.bf-tiefbohren.de\/wp-content\/uploads\/2014\/04\/vorteile.jpg\" \/>\n\t<meta property=\"og:image:width\" content=\"502\" \/>\n\t<meta property=\"og:image:height\" content=\"110\" \/>\n\t<meta property=\"og:image:type\" content=\"image\/jpeg\" \/>\n<meta name=\"twitter:card\" content=\"summary_large_image\" \/>\n<meta name=\"twitter:label1\" content=\"Est. reading time\" \/>\n\t<meta name=\"twitter:data1\" content=\"2 minutes\" \/>\n<script type=\"application\/ld+json\" class=\"yoast-schema-graph\">{\"@context\":\"https:\/\/schema.org\",\"@graph\":[{\"@type\":\"WebPage\",\"@id\":\"https:\/\/www.bf-tiefbohren.de\/vorteile\/\",\"url\":\"https:\/\/www.bf-tiefbohren.de\/vorteile\/\",\"name\":\"Vorteile - B+F Pr\u00e4zisionstiefbohr GmbH &amp; Co. KG - Tieflochbohren \/ Tiefbohren seit 1977\",\"isPartOf\":{\"@id\":\"https:\/\/www.bf-tiefbohren.de\/#website\"},\"datePublished\":\"2014-04-03T13:44:10+00:00\",\"dateModified\":\"2020-07-22T14:24:24+00:00\",\"breadcrumb\":{\"@id\":\"https:\/\/www.bf-tiefbohren.de\/vorteile\/#breadcrumb\"},\"inLanguage\":\"en-US\",\"potentialAction\":[{\"@type\":\"ReadAction\",\"target\":[\"https:\/\/www.bf-tiefbohren.de\/vorteile\/\"]}]},{\"@type\":\"BreadcrumbList\",\"@id\":\"https:\/\/www.bf-tiefbohren.de\/vorteile\/#breadcrumb\",\"itemListElement\":[{\"@type\":\"ListItem\",\"position\":1,\"name\":\"Startseite\",\"item\":\"https:\/\/www.bf-tiefbohren.de\/\"},{\"@type\":\"ListItem\",\"position\":2,\"name\":\"Vorteile\"}]},{\"@type\":\"WebSite\",\"@id\":\"https:\/\/www.bf-tiefbohren.de\/#website\",\"url\":\"https:\/\/www.bf-tiefbohren.de\/\",\"name\":\"B+F Pr\u00e4zisionstiefbohr GmbH &amp; Co. KG - Tieflochbohren \/ Tiefbohren seit 1977\",\"description\":\"Die B+F GmbH besch\u00e4ftigt sich seit 1977 mit dem professionellen Tieflochbohren im Lohn von \u00d82 bis \u00d8170mm\",\"potentialAction\":[{\"@type\":\"SearchAction\",\"target\":{\"@type\":\"EntryPoint\",\"urlTemplate\":\"https:\/\/www.bf-tiefbohren.de\/?s={search_term_string}\"},\"query-input\":\"required name=search_term_string\"}],\"inLanguage\":\"en-US\"}]}<\/script>\n<!-- \/ Yoast SEO plugin. -->","yoast_head_json":{"title":"Vorteile - B+F Pr\u00e4zisionstiefbohr GmbH &amp; Co. KG - Tieflochbohren \/ Tiefbohren seit 1977","robots":{"index":"index","follow":"follow","max-snippet":"max-snippet:-1","max-image-preview":"max-image-preview:large","max-video-preview":"max-video-preview:-1"},"canonical":"https:\/\/www.bf-tiefbohren.de\/vorteile\/","og_locale":"en_US","og_type":"article","og_title":"Vorteile - B+F Pr\u00e4zisionstiefbohr GmbH &amp; Co. KG - Tieflochbohren \/ Tiefbohren seit 1977","og_description":"Vorteile &#8211; Warum B+F? Nutzen Sie die Vorteile von B+F Neben der Pr\u00e4zision, der Erfahrung und dem Engagement, k\u00f6nnen Sie in der Zusammenarbeit mit B+F auf viele gute Gr\u00fcnde bauen: Kurzfristige Reaktion auf Kundenw\u00fcnsche durch einen umfangreichen Bestand an Bohrwerkzeugen und Werkst\u00fcckaufnahmen Hohe Verf\u00fcgbarkeit und kurze Lieferzeiten durch eine enorme Flexibilit\u00e4t und die Konzentration auf [&hellip;]","og_url":"https:\/\/www.bf-tiefbohren.de\/vorteile\/","og_site_name":"B+F Pr\u00e4zisionstiefbohr GmbH &amp; Co. KG - Tieflochbohren \/ Tiefbohren seit 1977","article_modified_time":"2020-07-22T14:24:24+00:00","og_image":[{"width":502,"height":110,"url":"https:\/\/www.bf-tiefbohren.de\/wp-content\/uploads\/2014\/04\/vorteile.jpg","type":"image\/jpeg"}],"twitter_card":"summary_large_image","twitter_misc":{"Est. reading time":"2 minutes"},"schema":{"@context":"https:\/\/schema.org","@graph":[{"@type":"WebPage","@id":"https:\/\/www.bf-tiefbohren.de\/vorteile\/","url":"https:\/\/www.bf-tiefbohren.de\/vorteile\/","name":"Vorteile - B+F Pr\u00e4zisionstiefbohr GmbH &amp; Co. KG - Tieflochbohren \/ Tiefbohren seit 1977","isPartOf":{"@id":"https:\/\/www.bf-tiefbohren.de\/#website"},"datePublished":"2014-04-03T13:44:10+00:00","dateModified":"2020-07-22T14:24:24+00:00","breadcrumb":{"@id":"https:\/\/www.bf-tiefbohren.de\/vorteile\/#breadcrumb"},"inLanguage":"en-US","potentialAction":[{"@type":"ReadAction","target":["https:\/\/www.bf-tiefbohren.de\/vorteile\/"]}]},{"@type":"BreadcrumbList","@id":"https:\/\/www.bf-tiefbohren.de\/vorteile\/#breadcrumb","itemListElement":[{"@type":"ListItem","position":1,"name":"Startseite","item":"https:\/\/www.bf-tiefbohren.de\/"},{"@type":"ListItem","position":2,"name":"Vorteile"}]},{"@type":"WebSite","@id":"https:\/\/www.bf-tiefbohren.de\/#website","url":"https:\/\/www.bf-tiefbohren.de\/","name":"B+F Pr\u00e4zisionstiefbohr GmbH &amp; Co. KG - Tieflochbohren \/ Tiefbohren seit 1977","description":"Die B+F GmbH besch\u00e4ftigt sich seit 1977 mit dem professionellen Tieflochbohren im Lohn von \u00d82 bis \u00d8170mm","potentialAction":[{"@type":"SearchAction","target":{"@type":"EntryPoint","urlTemplate":"https:\/\/www.bf-tiefbohren.de\/?s={search_term_string}"},"query-input":"required name=search_term_string"}],"inLanguage":"en-US"}]}},"_links":{"self":[{"href":"https:\/\/www.bf-tiefbohren.de\/en\/wp-json\/wp\/v2\/pages\/85"}],"collection":[{"href":"https:\/\/www.bf-tiefbohren.de\/en\/wp-json\/wp\/v2\/pages"}],"about":[{"href":"https:\/\/www.bf-tiefbohren.de\/en\/wp-json\/wp\/v2\/types\/page"}],"author":[{"embeddable":true,"href":"https:\/\/www.bf-tiefbohren.de\/en\/wp-json\/wp\/v2\/users\/1"}],"replies":[{"embeddable":true,"href":"https:\/\/www.bf-tiefbohren.de\/en\/wp-json\/wp\/v2\/comments?post=85"}],"version-history":[{"count":9,"href":"https:\/\/www.bf-tiefbohren.de\/en\/wp-json\/wp\/v2\/pages\/85\/revisions"}],"predecessor-version":[{"id":660,"href":"https:\/\/www.bf-tiefbohren.de\/en\/wp-json\/wp\/v2\/pages\/85\/revisions\/660"}],"wp:featuredmedia":[{"embeddable":true,"href":"https:\/\/www.bf-tiefbohren.de\/en\/wp-json\/wp\/v2\/media\/190"}],"wp:attachment":[{"href":"https:\/\/www.bf-tiefbohren.de\/en\/wp-json\/wp\/v2\/media?parent=85"}],"curies":[{"name":"wp","href":"https:\/\/api.w.org\/{rel}","templated":true}]}}