{"id":83,"date":"2014-04-03T15:43:49","date_gmt":"2014-04-03T13:43:49","guid":{"rendered":"http:\/\/54094414.swh.strato-hosting.eu\/wordpress\/?page_id=83"},"modified":"2020-07-23T07:23:21","modified_gmt":"2020-07-23T05:23:21","slug":"vielfalt","status":"publish","type":"page","link":"https:\/\/www.bf-tiefbohren.de\/en\/variety\/","title":{"rendered":"(Deutsch) Vielfalt"},"content":{"rendered":"<h1>Variety &ndash; The challenge<\/h1>\n<h2>Full range<\/h2>\n<p>Off-center drilling on non-axis-parallel drilling for all kinds of different workpiece geometries:<\/p>\n<ul style=\"padding-left: 15px;\">\n<li>Rotationally symmetrical workpieces, e.g. tubes, shafts, axles, connecting members, supports&hellip;<\/li>\n<li>Sheets, flat and cubic parts<\/li>\n<\/ul>\n<p><i>Maximum drilling depth: <\/i><\/p>\n<p>From 10 mm to 2800 mm (one sided), depending on diameter; further drilling depths on request<\/p>\n<p><i>Drill diameter: <\/i><\/p>\n<p>From 2.5 mm to 100 mm.<\/p>\n<p><i>Tolerances: <\/i><\/p>\n<p>From ISO H 8, depending on material<\/p>\n<p><i>Typical batch sizes:<\/i><\/p>\n<p>5 to 2,000 items; larger sizes on request<\/p>\n<style><!--\n#background .attachment-post-thumbnail { margin-left: 0 }\n--><\/style>\n","protected":false},"excerpt":{"rendered":"<p>Variety &#8211; The challenge Full range Off-center drilling on non-axis-parallel drilling for all kinds of different workpiece geometries: Rotationally symmetrical workpieces, e.g. tubes, shafts, axles, connecting members, supports&#8230; Sheets, flat and cubic parts Maximum drilling depth: From 10 mm to 2800 mm (one sided), depending on diameter; further drilling depths on request Drill diameter: From [&hellip;]<\/p>\n","protected":false},"author":1,"featured_media":189,"parent":0,"menu_order":0,"comment_status":"closed","ping_status":"closed","template":"","meta":[],"yoast_head":"<!-- This site is optimized with the Yoast SEO plugin v20.3 - https:\/\/yoast.com\/wordpress\/plugins\/seo\/ -->\n<title>Vielfalt - B+F Pr\u00e4zisionstiefbohr GmbH &amp; Co. KG - Tieflochbohren \/ Tiefbohren seit 1977<\/title>\n<meta name=\"robots\" content=\"index, follow, max-snippet:-1, max-image-preview:large, max-video-preview:-1\" \/>\n<link rel=\"canonical\" href=\"https:\/\/www.bf-tiefbohren.de\/vielfalt\/\" \/>\n<meta property=\"og:locale\" content=\"en_US\" \/>\n<meta property=\"og:type\" content=\"article\" \/>\n<meta property=\"og:title\" content=\"Vielfalt - B+F Pr\u00e4zisionstiefbohr GmbH &amp; Co. KG - Tieflochbohren \/ Tiefbohren seit 1977\" \/>\n<meta property=\"og:description\" content=\"Variety &#8211; The challenge Full range Off-center drilling on non-axis-parallel drilling for all kinds of different workpiece geometries: Rotationally symmetrical workpieces, e.g. tubes, shafts, axles, connecting members, supports&#8230; Sheets, flat and cubic parts Maximum drilling depth: From 10 mm to 2800 mm (one sided), depending on diameter; further drilling depths on request Drill diameter: From [&hellip;]\" \/>\n<meta property=\"og:url\" content=\"https:\/\/www.bf-tiefbohren.de\/vielfalt\/\" \/>\n<meta property=\"og:site_name\" content=\"B+F Pr\u00e4zisionstiefbohr GmbH &amp; Co. KG - Tieflochbohren \/ Tiefbohren seit 1977\" \/>\n<meta property=\"article:modified_time\" content=\"2020-07-23T05:23:21+00:00\" \/>\n<meta property=\"og:image\" content=\"https:\/\/www.bf-tiefbohren.de\/wp-content\/uploads\/2014\/04\/vielfalt.jpg\" \/>\n\t<meta property=\"og:image:width\" content=\"571\" \/>\n\t<meta property=\"og:image:height\" content=\"110\" \/>\n\t<meta property=\"og:image:type\" content=\"image\/jpeg\" \/>\n<meta name=\"twitter:card\" content=\"summary_large_image\" \/>\n<meta name=\"twitter:label1\" content=\"Est. reading time\" \/>\n\t<meta name=\"twitter:data1\" content=\"1 minute\" \/>\n<script type=\"application\/ld+json\" class=\"yoast-schema-graph\">{\"@context\":\"https:\/\/schema.org\",\"@graph\":[{\"@type\":\"WebPage\",\"@id\":\"https:\/\/www.bf-tiefbohren.de\/vielfalt\/\",\"url\":\"https:\/\/www.bf-tiefbohren.de\/vielfalt\/\",\"name\":\"Vielfalt - B+F Pr\u00e4zisionstiefbohr GmbH &amp; Co. KG - Tieflochbohren \/ Tiefbohren seit 1977\",\"isPartOf\":{\"@id\":\"https:\/\/www.bf-tiefbohren.de\/#website\"},\"datePublished\":\"2014-04-03T13:43:49+00:00\",\"dateModified\":\"2020-07-23T05:23:21+00:00\",\"breadcrumb\":{\"@id\":\"https:\/\/www.bf-tiefbohren.de\/vielfalt\/#breadcrumb\"},\"inLanguage\":\"en-US\",\"potentialAction\":[{\"@type\":\"ReadAction\",\"target\":[\"https:\/\/www.bf-tiefbohren.de\/vielfalt\/\"]}]},{\"@type\":\"BreadcrumbList\",\"@id\":\"https:\/\/www.bf-tiefbohren.de\/vielfalt\/#breadcrumb\",\"itemListElement\":[{\"@type\":\"ListItem\",\"position\":1,\"name\":\"Startseite\",\"item\":\"https:\/\/www.bf-tiefbohren.de\/\"},{\"@type\":\"ListItem\",\"position\":2,\"name\":\"Vielfalt\"}]},{\"@type\":\"WebSite\",\"@id\":\"https:\/\/www.bf-tiefbohren.de\/#website\",\"url\":\"https:\/\/www.bf-tiefbohren.de\/\",\"name\":\"B+F Pr\u00e4zisionstiefbohr GmbH &amp; Co. KG - Tieflochbohren \/ Tiefbohren seit 1977\",\"description\":\"Die B+F GmbH besch\u00e4ftigt sich seit 1977 mit dem professionellen Tieflochbohren im Lohn von \u00d82 bis \u00d8170mm\",\"potentialAction\":[{\"@type\":\"SearchAction\",\"target\":{\"@type\":\"EntryPoint\",\"urlTemplate\":\"https:\/\/www.bf-tiefbohren.de\/?s={search_term_string}\"},\"query-input\":\"required name=search_term_string\"}],\"inLanguage\":\"en-US\"}]}<\/script>\n<!-- \/ Yoast SEO plugin. -->","yoast_head_json":{"title":"Vielfalt - B+F Pr\u00e4zisionstiefbohr GmbH &amp; Co. KG - Tieflochbohren \/ Tiefbohren seit 1977","robots":{"index":"index","follow":"follow","max-snippet":"max-snippet:-1","max-image-preview":"max-image-preview:large","max-video-preview":"max-video-preview:-1"},"canonical":"https:\/\/www.bf-tiefbohren.de\/vielfalt\/","og_locale":"en_US","og_type":"article","og_title":"Vielfalt - B+F Pr\u00e4zisionstiefbohr GmbH &amp; Co. KG - Tieflochbohren \/ Tiefbohren seit 1977","og_description":"Variety &#8211; The challenge Full range Off-center drilling on non-axis-parallel drilling for all kinds of different workpiece geometries: Rotationally symmetrical workpieces, e.g. tubes, shafts, axles, connecting members, supports&#8230; Sheets, flat and cubic parts Maximum drilling depth: From 10 mm to 2800 mm (one sided), depending on diameter; further drilling depths on request Drill diameter: From [&hellip;]","og_url":"https:\/\/www.bf-tiefbohren.de\/vielfalt\/","og_site_name":"B+F Pr\u00e4zisionstiefbohr GmbH &amp; Co. KG - Tieflochbohren \/ Tiefbohren seit 1977","article_modified_time":"2020-07-23T05:23:21+00:00","og_image":[{"width":571,"height":110,"url":"https:\/\/www.bf-tiefbohren.de\/wp-content\/uploads\/2014\/04\/vielfalt.jpg","type":"image\/jpeg"}],"twitter_card":"summary_large_image","twitter_misc":{"Est. reading time":"1 minute"},"schema":{"@context":"https:\/\/schema.org","@graph":[{"@type":"WebPage","@id":"https:\/\/www.bf-tiefbohren.de\/vielfalt\/","url":"https:\/\/www.bf-tiefbohren.de\/vielfalt\/","name":"Vielfalt - B+F Pr\u00e4zisionstiefbohr GmbH &amp; Co. KG - Tieflochbohren \/ Tiefbohren seit 1977","isPartOf":{"@id":"https:\/\/www.bf-tiefbohren.de\/#website"},"datePublished":"2014-04-03T13:43:49+00:00","dateModified":"2020-07-23T05:23:21+00:00","breadcrumb":{"@id":"https:\/\/www.bf-tiefbohren.de\/vielfalt\/#breadcrumb"},"inLanguage":"en-US","potentialAction":[{"@type":"ReadAction","target":["https:\/\/www.bf-tiefbohren.de\/vielfalt\/"]}]},{"@type":"BreadcrumbList","@id":"https:\/\/www.bf-tiefbohren.de\/vielfalt\/#breadcrumb","itemListElement":[{"@type":"ListItem","position":1,"name":"Startseite","item":"https:\/\/www.bf-tiefbohren.de\/"},{"@type":"ListItem","position":2,"name":"Vielfalt"}]},{"@type":"WebSite","@id":"https:\/\/www.bf-tiefbohren.de\/#website","url":"https:\/\/www.bf-tiefbohren.de\/","name":"B+F Pr\u00e4zisionstiefbohr GmbH &amp; Co. KG - Tieflochbohren \/ Tiefbohren seit 1977","description":"Die B+F GmbH besch\u00e4ftigt sich seit 1977 mit dem professionellen Tieflochbohren im Lohn von \u00d82 bis \u00d8170mm","potentialAction":[{"@type":"SearchAction","target":{"@type":"EntryPoint","urlTemplate":"https:\/\/www.bf-tiefbohren.de\/?s={search_term_string}"},"query-input":"required name=search_term_string"}],"inLanguage":"en-US"}]}},"_links":{"self":[{"href":"https:\/\/www.bf-tiefbohren.de\/en\/wp-json\/wp\/v2\/pages\/83"}],"collection":[{"href":"https:\/\/www.bf-tiefbohren.de\/en\/wp-json\/wp\/v2\/pages"}],"about":[{"href":"https:\/\/www.bf-tiefbohren.de\/en\/wp-json\/wp\/v2\/types\/page"}],"author":[{"embeddable":true,"href":"https:\/\/www.bf-tiefbohren.de\/en\/wp-json\/wp\/v2\/users\/1"}],"replies":[{"embeddable":true,"href":"https:\/\/www.bf-tiefbohren.de\/en\/wp-json\/wp\/v2\/comments?post=83"}],"version-history":[{"count":6,"href":"https:\/\/www.bf-tiefbohren.de\/en\/wp-json\/wp\/v2\/pages\/83\/revisions"}],"predecessor-version":[{"id":717,"href":"https:\/\/www.bf-tiefbohren.de\/en\/wp-json\/wp\/v2\/pages\/83\/revisions\/717"}],"wp:featuredmedia":[{"embeddable":true,"href":"https:\/\/www.bf-tiefbohren.de\/en\/wp-json\/wp\/v2\/media\/189"}],"wp:attachment":[{"href":"https:\/\/www.bf-tiefbohren.de\/en\/wp-json\/wp\/v2\/media?parent=83"}],"curies":[{"name":"wp","href":"https:\/\/api.w.org\/{rel}","templated":true}]}}