{"id":71,"date":"2014-04-07T13:31:10","date_gmt":"2014-04-07T11:31:10","guid":{"rendered":"http:\/\/54094414.swh.strato-hosting.eu\/wordpress\/?page_id=71"},"modified":"2014-06-16T15:21:37","modified_gmt":"2014-06-16T13:21:37","slug":"unsere-agb-2","status":"publish","type":"page","link":"https:\/\/www.bf-tiefbohren.de\/en\/gtc\/","title":{"rendered":"GTC"},"content":{"rendered":"<p>Here you can see information about our generel terms and conditions, delivery conditions and quality assurance agreement.<\/p>\n<ul>\n<li><a href=\"\/AEB_2006_12_13.pdf\" target=\"_blank\">Unsere Allgemeinen Einkaufsbedingungen AEB<\/a><\/li>\n<li><a href=\"\/ALB_2006_12_13.pdf\" target=\"_blank\">Unsere Allgemeinen Lieferbedingungen ALB<\/a><\/li>\n<li><a href=\"\/ALHW_2006_12_13.pdf\" target=\"_blank\">Anlieferhinweise f&uuml;r optimale Bearbeitungsergebnisse<\/a><\/li>\n<li><a href=\"\/QSV_2006_12_13.pdf\" target=\"_blank\">Unsere Qualit&auml;tssicherungsvereinbarungen QSV<\/a><\/li>\n<li><a href=\"\/Geheimhaltungsvereinbarung_2009_10_19.pdf\" target=\"_blank\">Geheimhaltungsvereinbarung<\/a><\/li>\n<\/ul>\n<p>&nbsp;<\/p>\n<style><!--\n#background .attachment-post-thumbnail {\nmargin-left: 102px\n}\n--><\/style>\n","protected":false},"excerpt":{"rendered":"<p>Here you can see information about our generel terms and conditions, delivery conditions and quality assurance agreement. Unsere Allgemeinen Einkaufsbedingungen AEB Unsere Allgemeinen Lieferbedingungen ALB Anlieferhinweise f\u00fcr optimale Bearbeitungsergebnisse Unsere Qualit\u00e4tssicherungsvereinbarungen QSV Geheimhaltungsvereinbarung &nbsp;<\/p>\n","protected":false},"author":1,"featured_media":183,"parent":0,"menu_order":0,"comment_status":"closed","ping_status":"closed","template":"","meta":[],"yoast_head":"<!-- This site is optimized with the Yoast SEO plugin v20.3 - https:\/\/yoast.com\/wordpress\/plugins\/seo\/ -->\n<title>Unsere AGBGTC - B+F Pr\u00e4zisionstiefbohr GmbH &amp; Co. KG - Tieflochbohren \/ Tiefbohren seit 1977<\/title>\n<meta name=\"robots\" content=\"index, follow, max-snippet:-1, max-image-preview:large, max-video-preview:-1\" \/>\n<link rel=\"canonical\" href=\"https:\/\/www.bf-tiefbohren.de\/unsere-agb\/\" \/>\n<meta property=\"og:locale\" content=\"en_US\" \/>\n<meta property=\"og:type\" content=\"article\" \/>\n<meta property=\"og:title\" content=\"Unsere AGBGTC - B+F Pr\u00e4zisionstiefbohr GmbH &amp; Co. KG - Tieflochbohren \/ Tiefbohren seit 1977\" \/>\n<meta property=\"og:description\" content=\"Here you can see information about our generel terms and conditions, delivery conditions and quality assurance agreement. Unsere Allgemeinen Einkaufsbedingungen AEB Unsere Allgemeinen Lieferbedingungen ALB Anlieferhinweise f\u00fcr optimale Bearbeitungsergebnisse Unsere Qualit\u00e4tssicherungsvereinbarungen QSV Geheimhaltungsvereinbarung &nbsp;\" \/>\n<meta property=\"og:url\" content=\"https:\/\/www.bf-tiefbohren.de\/unsere-agb\/\" \/>\n<meta property=\"og:site_name\" content=\"B+F Pr\u00e4zisionstiefbohr GmbH &amp; Co. KG - Tieflochbohren \/ Tiefbohren seit 1977\" \/>\n<meta property=\"article:modified_time\" content=\"2014-06-16T13:21:37+00:00\" \/>\n<meta property=\"og:image\" content=\"https:\/\/www.bf-tiefbohren.de\/wp-content\/uploads\/2014\/04\/kontakt.jpg\" \/>\n\t<meta property=\"og:image:width\" content=\"457\" \/>\n\t<meta property=\"og:image:height\" content=\"110\" \/>\n\t<meta property=\"og:image:type\" content=\"image\/jpeg\" \/>\n<meta name=\"twitter:card\" content=\"summary_large_image\" \/>\n<script type=\"application\/ld+json\" class=\"yoast-schema-graph\">{\"@context\":\"https:\/\/schema.org\",\"@graph\":[{\"@type\":\"WebPage\",\"@id\":\"https:\/\/www.bf-tiefbohren.de\/unsere-agb\/\",\"url\":\"https:\/\/www.bf-tiefbohren.de\/unsere-agb\/\",\"name\":\"Unsere AGBGTC - B+F Pr\u00e4zisionstiefbohr GmbH &amp; Co. KG - Tieflochbohren \/ Tiefbohren seit 1977\",\"isPartOf\":{\"@id\":\"https:\/\/www.bf-tiefbohren.de\/#website\"},\"datePublished\":\"2014-04-07T11:31:10+00:00\",\"dateModified\":\"2014-06-16T13:21:37+00:00\",\"breadcrumb\":{\"@id\":\"https:\/\/www.bf-tiefbohren.de\/unsere-agb\/#breadcrumb\"},\"inLanguage\":\"en-US\",\"potentialAction\":[{\"@type\":\"ReadAction\",\"target\":[\"https:\/\/www.bf-tiefbohren.de\/unsere-agb\/\"]}]},{\"@type\":\"BreadcrumbList\",\"@id\":\"https:\/\/www.bf-tiefbohren.de\/unsere-agb\/#breadcrumb\",\"itemListElement\":[{\"@type\":\"ListItem\",\"position\":1,\"name\":\"Startseite\",\"item\":\"https:\/\/www.bf-tiefbohren.de\/\"},{\"@type\":\"ListItem\",\"position\":2,\"name\":\"Unsere AGB\"}]},{\"@type\":\"WebSite\",\"@id\":\"https:\/\/www.bf-tiefbohren.de\/#website\",\"url\":\"https:\/\/www.bf-tiefbohren.de\/\",\"name\":\"B+F Pr\u00e4zisionstiefbohr GmbH &amp; Co. KG - Tieflochbohren \/ Tiefbohren seit 1977\",\"description\":\"Die B+F GmbH besch\u00e4ftigt sich seit 1977 mit dem professionellen Tieflochbohren im Lohn von \u00d82 bis \u00d8170mm\",\"potentialAction\":[{\"@type\":\"SearchAction\",\"target\":{\"@type\":\"EntryPoint\",\"urlTemplate\":\"https:\/\/www.bf-tiefbohren.de\/?s={search_term_string}\"},\"query-input\":\"required name=search_term_string\"}],\"inLanguage\":\"en-US\"}]}<\/script>\n<!-- \/ Yoast SEO plugin. -->","yoast_head_json":{"title":"Unsere AGBGTC - B+F Pr\u00e4zisionstiefbohr GmbH &amp; Co. KG - Tieflochbohren \/ Tiefbohren seit 1977","robots":{"index":"index","follow":"follow","max-snippet":"max-snippet:-1","max-image-preview":"max-image-preview:large","max-video-preview":"max-video-preview:-1"},"canonical":"https:\/\/www.bf-tiefbohren.de\/unsere-agb\/","og_locale":"en_US","og_type":"article","og_title":"Unsere AGBGTC - B+F Pr\u00e4zisionstiefbohr GmbH &amp; Co. KG - Tieflochbohren \/ Tiefbohren seit 1977","og_description":"Here you can see information about our generel terms and conditions, delivery conditions and quality assurance agreement. Unsere Allgemeinen Einkaufsbedingungen AEB Unsere Allgemeinen Lieferbedingungen ALB Anlieferhinweise f\u00fcr optimale Bearbeitungsergebnisse Unsere Qualit\u00e4tssicherungsvereinbarungen QSV Geheimhaltungsvereinbarung &nbsp;","og_url":"https:\/\/www.bf-tiefbohren.de\/unsere-agb\/","og_site_name":"B+F Pr\u00e4zisionstiefbohr GmbH &amp; Co. KG - Tieflochbohren \/ Tiefbohren seit 1977","article_modified_time":"2014-06-16T13:21:37+00:00","og_image":[{"width":457,"height":110,"url":"https:\/\/www.bf-tiefbohren.de\/wp-content\/uploads\/2014\/04\/kontakt.jpg","type":"image\/jpeg"}],"twitter_card":"summary_large_image","schema":{"@context":"https:\/\/schema.org","@graph":[{"@type":"WebPage","@id":"https:\/\/www.bf-tiefbohren.de\/unsere-agb\/","url":"https:\/\/www.bf-tiefbohren.de\/unsere-agb\/","name":"Unsere AGBGTC - B+F Pr\u00e4zisionstiefbohr GmbH &amp; Co. KG - Tieflochbohren \/ Tiefbohren seit 1977","isPartOf":{"@id":"https:\/\/www.bf-tiefbohren.de\/#website"},"datePublished":"2014-04-07T11:31:10+00:00","dateModified":"2014-06-16T13:21:37+00:00","breadcrumb":{"@id":"https:\/\/www.bf-tiefbohren.de\/unsere-agb\/#breadcrumb"},"inLanguage":"en-US","potentialAction":[{"@type":"ReadAction","target":["https:\/\/www.bf-tiefbohren.de\/unsere-agb\/"]}]},{"@type":"BreadcrumbList","@id":"https:\/\/www.bf-tiefbohren.de\/unsere-agb\/#breadcrumb","itemListElement":[{"@type":"ListItem","position":1,"name":"Startseite","item":"https:\/\/www.bf-tiefbohren.de\/"},{"@type":"ListItem","position":2,"name":"Unsere AGB"}]},{"@type":"WebSite","@id":"https:\/\/www.bf-tiefbohren.de\/#website","url":"https:\/\/www.bf-tiefbohren.de\/","name":"B+F Pr\u00e4zisionstiefbohr GmbH &amp; Co. KG - Tieflochbohren \/ Tiefbohren seit 1977","description":"Die B+F GmbH besch\u00e4ftigt sich seit 1977 mit dem professionellen Tieflochbohren im Lohn von \u00d82 bis \u00d8170mm","potentialAction":[{"@type":"SearchAction","target":{"@type":"EntryPoint","urlTemplate":"https:\/\/www.bf-tiefbohren.de\/?s={search_term_string}"},"query-input":"required name=search_term_string"}],"inLanguage":"en-US"}]}},"_links":{"self":[{"href":"https:\/\/www.bf-tiefbohren.de\/en\/wp-json\/wp\/v2\/pages\/71"}],"collection":[{"href":"https:\/\/www.bf-tiefbohren.de\/en\/wp-json\/wp\/v2\/pages"}],"about":[{"href":"https:\/\/www.bf-tiefbohren.de\/en\/wp-json\/wp\/v2\/types\/page"}],"author":[{"embeddable":true,"href":"https:\/\/www.bf-tiefbohren.de\/en\/wp-json\/wp\/v2\/users\/1"}],"replies":[{"embeddable":true,"href":"https:\/\/www.bf-tiefbohren.de\/en\/wp-json\/wp\/v2\/comments?post=71"}],"version-history":[{"count":5,"href":"https:\/\/www.bf-tiefbohren.de\/en\/wp-json\/wp\/v2\/pages\/71\/revisions"}],"predecessor-version":[{"id":322,"href":"https:\/\/www.bf-tiefbohren.de\/en\/wp-json\/wp\/v2\/pages\/71\/revisions\/322"}],"wp:featuredmedia":[{"embeddable":true,"href":"https:\/\/www.bf-tiefbohren.de\/en\/wp-json\/wp\/v2\/media\/183"}],"wp:attachment":[{"href":"https:\/\/www.bf-tiefbohren.de\/en\/wp-json\/wp\/v2\/media?parent=71"}],"curies":[{"name":"wp","href":"https:\/\/api.w.org\/{rel}","templated":true}]}}