{"id":65,"date":"2014-04-03T15:37:24","date_gmt":"2014-04-03T13:37:24","guid":{"rendered":"http:\/\/54094414.swh.strato-hosting.eu\/wordpress\/?page_id=65"},"modified":"2020-07-22T16:08:22","modified_gmt":"2020-07-22T14:08:22","slug":"auf-einen-blick","status":"publish","type":"page","link":"https:\/\/www.bf-tiefbohren.de\/en\/at-a-glance\/","title":{"rendered":"At a glance"},"content":{"rendered":"<h1>At a glance &ndash; Short of time?<\/h1>\n<h2>At a glance:<\/h2>\n<p>It&rsquo;s worth taking a closer look at B+F. In fact, if you need information very quickly we can offer you three courses of action:<\/p>\n<p><b>Call us: on ++49 (0) 73 82 \/ 93 77 60<\/b><\/p>\n<p>or<\/p>\n<p><b>Take a look under <a href=\"..\/data-overview\/\">Data in overview<\/a> section to see what we can do for you<\/b><\/p>\n","protected":false},"excerpt":{"rendered":"<p>At a glance &#8211; Short of time? At a glance: It&#8217;s worth taking a closer look at B+F. In fact, if you need information very quickly we can offer you three courses of action: Call us: on ++49 (0) 73 82 \/ 93 77 60 or Take a look under Data in overview section to [&hellip;]<\/p>\n","protected":false},"author":1,"featured_media":180,"parent":0,"menu_order":0,"comment_status":"closed","ping_status":"closed","template":"","meta":[],"yoast_head":"<!-- This site is optimized with the Yoast SEO plugin v20.3 - https:\/\/yoast.com\/wordpress\/plugins\/seo\/ -->\n<title>B+F Pr\u00e4zisionstiefbohr GmbH - alles auf einen Blick<\/title>\n<meta name=\"description\" content=\"B+F Tiefbohrtechnik auf einen Blick - alles Wissenswerte \u00fcber Tieflochbohren, Verfahren, Preise und Qualit\u00e4t finden Sie hier bei den Experten!\" \/>\n<meta name=\"robots\" content=\"index, follow, max-snippet:-1, max-image-preview:large, max-video-preview:-1\" \/>\n<link rel=\"canonical\" href=\"https:\/\/www.bf-tiefbohren.de\/auf-einen-blick\/\" \/>\n<meta property=\"og:locale\" content=\"en_US\" \/>\n<meta property=\"og:type\" content=\"article\" \/>\n<meta property=\"og:title\" content=\"B+F Pr\u00e4zisionstiefbohr GmbH - alles auf einen Blick\" \/>\n<meta property=\"og:description\" content=\"B+F Tiefbohrtechnik auf einen Blick - alles Wissenswerte \u00fcber Tieflochbohren, Verfahren, Preise und Qualit\u00e4t finden Sie hier bei den Experten!\" \/>\n<meta property=\"og:url\" content=\"https:\/\/www.bf-tiefbohren.de\/auf-einen-blick\/\" \/>\n<meta property=\"og:site_name\" content=\"B+F Pr\u00e4zisionstiefbohr GmbH &amp; Co. KG - Tieflochbohren \/ Tiefbohren seit 1977\" \/>\n<meta property=\"article:modified_time\" content=\"2020-07-22T14:08:22+00:00\" \/>\n<meta property=\"og:image\" content=\"https:\/\/www.bf-tiefbohren.de\/wp-content\/uploads\/2014\/04\/auf-einen-blick.jpg\" \/>\n\t<meta property=\"og:image:width\" content=\"327\" \/>\n\t<meta property=\"og:image:height\" content=\"110\" \/>\n\t<meta property=\"og:image:type\" content=\"image\/jpeg\" \/>\n<meta name=\"twitter:card\" content=\"summary_large_image\" \/>\n<meta name=\"twitter:label1\" content=\"Est. reading time\" \/>\n\t<meta name=\"twitter:data1\" content=\"1 minute\" \/>\n<script type=\"application\/ld+json\" class=\"yoast-schema-graph\">{\"@context\":\"https:\/\/schema.org\",\"@graph\":[{\"@type\":\"WebPage\",\"@id\":\"https:\/\/www.bf-tiefbohren.de\/auf-einen-blick\/\",\"url\":\"https:\/\/www.bf-tiefbohren.de\/auf-einen-blick\/\",\"name\":\"B+F Pr\u00e4zisionstiefbohr GmbH - alles auf einen Blick\",\"isPartOf\":{\"@id\":\"https:\/\/www.bf-tiefbohren.de\/#website\"},\"datePublished\":\"2014-04-03T13:37:24+00:00\",\"dateModified\":\"2020-07-22T14:08:22+00:00\",\"description\":\"B+F Tiefbohrtechnik auf einen Blick - alles Wissenswerte \u00fcber Tieflochbohren, Verfahren, Preise und Qualit\u00e4t finden Sie hier bei den Experten!\",\"breadcrumb\":{\"@id\":\"https:\/\/www.bf-tiefbohren.de\/auf-einen-blick\/#breadcrumb\"},\"inLanguage\":\"en-US\",\"potentialAction\":[{\"@type\":\"ReadAction\",\"target\":[\"https:\/\/www.bf-tiefbohren.de\/auf-einen-blick\/\"]}]},{\"@type\":\"BreadcrumbList\",\"@id\":\"https:\/\/www.bf-tiefbohren.de\/auf-einen-blick\/#breadcrumb\",\"itemListElement\":[{\"@type\":\"ListItem\",\"position\":1,\"name\":\"Startseite\",\"item\":\"https:\/\/www.bf-tiefbohren.de\/\"},{\"@type\":\"ListItem\",\"position\":2,\"name\":\"Auf einen Blick\"}]},{\"@type\":\"WebSite\",\"@id\":\"https:\/\/www.bf-tiefbohren.de\/#website\",\"url\":\"https:\/\/www.bf-tiefbohren.de\/\",\"name\":\"B+F Pr\u00e4zisionstiefbohr GmbH &amp; Co. KG - Tieflochbohren \/ Tiefbohren seit 1977\",\"description\":\"Die B+F GmbH besch\u00e4ftigt sich seit 1977 mit dem professionellen Tieflochbohren im Lohn von \u00d82 bis \u00d8170mm\",\"potentialAction\":[{\"@type\":\"SearchAction\",\"target\":{\"@type\":\"EntryPoint\",\"urlTemplate\":\"https:\/\/www.bf-tiefbohren.de\/?s={search_term_string}\"},\"query-input\":\"required name=search_term_string\"}],\"inLanguage\":\"en-US\"}]}<\/script>\n<!-- \/ Yoast SEO plugin. -->","yoast_head_json":{"title":"B+F Pr\u00e4zisionstiefbohr GmbH - alles auf einen Blick","description":"B+F Tiefbohrtechnik auf einen Blick - alles Wissenswerte \u00fcber Tieflochbohren, Verfahren, Preise und Qualit\u00e4t finden Sie hier bei den Experten!","robots":{"index":"index","follow":"follow","max-snippet":"max-snippet:-1","max-image-preview":"max-image-preview:large","max-video-preview":"max-video-preview:-1"},"canonical":"https:\/\/www.bf-tiefbohren.de\/auf-einen-blick\/","og_locale":"en_US","og_type":"article","og_title":"B+F Pr\u00e4zisionstiefbohr GmbH - alles auf einen Blick","og_description":"B+F Tiefbohrtechnik auf einen Blick - alles Wissenswerte \u00fcber Tieflochbohren, Verfahren, Preise und Qualit\u00e4t finden Sie hier bei den Experten!","og_url":"https:\/\/www.bf-tiefbohren.de\/auf-einen-blick\/","og_site_name":"B+F Pr\u00e4zisionstiefbohr GmbH &amp; Co. KG - Tieflochbohren \/ Tiefbohren seit 1977","article_modified_time":"2020-07-22T14:08:22+00:00","og_image":[{"width":327,"height":110,"url":"https:\/\/www.bf-tiefbohren.de\/wp-content\/uploads\/2014\/04\/auf-einen-blick.jpg","type":"image\/jpeg"}],"twitter_card":"summary_large_image","twitter_misc":{"Est. reading time":"1 minute"},"schema":{"@context":"https:\/\/schema.org","@graph":[{"@type":"WebPage","@id":"https:\/\/www.bf-tiefbohren.de\/auf-einen-blick\/","url":"https:\/\/www.bf-tiefbohren.de\/auf-einen-blick\/","name":"B+F Pr\u00e4zisionstiefbohr GmbH - alles auf einen Blick","isPartOf":{"@id":"https:\/\/www.bf-tiefbohren.de\/#website"},"datePublished":"2014-04-03T13:37:24+00:00","dateModified":"2020-07-22T14:08:22+00:00","description":"B+F Tiefbohrtechnik auf einen Blick - alles Wissenswerte \u00fcber Tieflochbohren, Verfahren, Preise und Qualit\u00e4t finden Sie hier bei den Experten!","breadcrumb":{"@id":"https:\/\/www.bf-tiefbohren.de\/auf-einen-blick\/#breadcrumb"},"inLanguage":"en-US","potentialAction":[{"@type":"ReadAction","target":["https:\/\/www.bf-tiefbohren.de\/auf-einen-blick\/"]}]},{"@type":"BreadcrumbList","@id":"https:\/\/www.bf-tiefbohren.de\/auf-einen-blick\/#breadcrumb","itemListElement":[{"@type":"ListItem","position":1,"name":"Startseite","item":"https:\/\/www.bf-tiefbohren.de\/"},{"@type":"ListItem","position":2,"name":"Auf einen Blick"}]},{"@type":"WebSite","@id":"https:\/\/www.bf-tiefbohren.de\/#website","url":"https:\/\/www.bf-tiefbohren.de\/","name":"B+F Pr\u00e4zisionstiefbohr GmbH &amp; Co. KG - Tieflochbohren \/ Tiefbohren seit 1977","description":"Die B+F GmbH besch\u00e4ftigt sich seit 1977 mit dem professionellen Tieflochbohren im Lohn von \u00d82 bis \u00d8170mm","potentialAction":[{"@type":"SearchAction","target":{"@type":"EntryPoint","urlTemplate":"https:\/\/www.bf-tiefbohren.de\/?s={search_term_string}"},"query-input":"required name=search_term_string"}],"inLanguage":"en-US"}]}},"_links":{"self":[{"href":"https:\/\/www.bf-tiefbohren.de\/en\/wp-json\/wp\/v2\/pages\/65"}],"collection":[{"href":"https:\/\/www.bf-tiefbohren.de\/en\/wp-json\/wp\/v2\/pages"}],"about":[{"href":"https:\/\/www.bf-tiefbohren.de\/en\/wp-json\/wp\/v2\/types\/page"}],"author":[{"embeddable":true,"href":"https:\/\/www.bf-tiefbohren.de\/en\/wp-json\/wp\/v2\/users\/1"}],"replies":[{"embeddable":true,"href":"https:\/\/www.bf-tiefbohren.de\/en\/wp-json\/wp\/v2\/comments?post=65"}],"version-history":[{"count":8,"href":"https:\/\/www.bf-tiefbohren.de\/en\/wp-json\/wp\/v2\/pages\/65\/revisions"}],"predecessor-version":[{"id":650,"href":"https:\/\/www.bf-tiefbohren.de\/en\/wp-json\/wp\/v2\/pages\/65\/revisions\/650"}],"wp:featuredmedia":[{"embeddable":true,"href":"https:\/\/www.bf-tiefbohren.de\/en\/wp-json\/wp\/v2\/media\/180"}],"wp:attachment":[{"href":"https:\/\/www.bf-tiefbohren.de\/en\/wp-json\/wp\/v2\/media?parent=65"}],"curies":[{"name":"wp","href":"https:\/\/api.w.org\/{rel}","templated":true}]}}