{"id":60,"date":"2014-04-03T15:22:09","date_gmt":"2014-04-03T13:22:09","guid":{"rendered":"http:\/\/54094414.swh.strato-hosting.eu\/wordpress\/?page_id=60"},"modified":"2020-07-22T15:07:10","modified_gmt":"2020-07-22T13:07:10","slug":"startseite","status":"publish","type":"page","link":"https:\/\/www.bf-tiefbohren.de\/en\/","title":{"rendered":"Home"},"content":{"rendered":"\t\t<div data-elementor-type=\"wp-page\" data-elementor-id=\"60\" class=\"elementor elementor-60\">\n\t\t\t\t\t\t<div class=\"elementor-inner\">\n\t\t\t\t<div class=\"elementor-section-wrap\">\n\t\t\t\t\t\t\t\t\t<section class=\"elementor-section elementor-top-section elementor-element elementor-element-51add260 elementor-section-boxed elementor-section-height-default elementor-section-height-default\" data-id=\"51add260\" data-element_type=\"section\">\n\t\t\t\t\t\t<div class=\"elementor-container elementor-column-gap-default\">\n\t\t\t\t\t\t\t<div class=\"elementor-row\">\n\t\t\t\t\t<div class=\"elementor-column elementor-col-100 elementor-top-column elementor-element elementor-element-41b2adfe\" data-id=\"41b2adfe\" data-element_type=\"column\">\n\t\t\t<div class=\"elementor-column-wrap elementor-element-populated\">\n\t\t\t\t\t\t\t<div class=\"elementor-widget-wrap\">\n\t\t\t\t\t\t<div class=\"elementor-element elementor-element-51bd4408 elementor-widget elementor-widget-text-editor\" data-id=\"51bd4408\" data-element_type=\"widget\" data-widget_type=\"text-editor.default\">\n\t\t\t\t<div class=\"elementor-widget-container\">\n\t\t\t\t\t\t\t\t<div class=\"elementor-text-editor elementor-clearfix\">\n\t\t\t\t(Deutsch) \n<div id=\"startseitentext\"><!-- 2e4j4 --><\/div>\n<h1 style=\"margin-top: 80px;\">Tieflochbohren &ndash; B+F ist Ihr Profi f&uuml;r&rsquo;s Bohren<\/h1>\nTielochfbohren bei B+F: Geht es um professionelles <strong>Tiefbohren <\/strong>, ist die B+F Pr&auml;zisionstiefbohr GmbH Ihr erfahrener &amp; kompetenter Partner seit 1977. Wir bearbeiten Werkst&uuml;cke aller Art von &Oslash;2 bis &Oslash;170mm Bohrdurchmesser und bis zu 3500mm L&auml;nge. Als Fachleute f&uuml;r das Tiefbohren im Lohn stehen wir, die Spezialisten von B+F stets bereit, Ihren Auftrag professionell und schnell umzusetzen. Weitere Informationen zum Thema <strong>Tieflochbohren<\/strong> erhalten Sie <a href=\"https:\/\/www.bf-tiefbohren.de\/tieflochbohren\/\">hier<\/a>\n<h2><\/h2>\n<h2>Tieflochbohren: die Herausforderungen der Tiefbohrtechnik<\/h2>\nWorum genau handelt es sich beim Tiefbohren? Streng genommen liegt eine Tiefbohrung in dem Moment vor, wenn die Bohrungstiefe eines Lochs mehr als das Dreifache des Werkst&uuml;ck-Durchmessers betr&auml;gt. Das <strong>Tiefbohren<\/strong> auch Tieflochbohren oder <a href=\"https:\/\/www.bf-tiefbohren.de\/lohnbohren\/\">Lohnbohren&nbsp; <\/a>genannt ist eine besondere Herausforderung im Bereich moderner Zerspanungstechnik, da der Bohrer w&auml;hrend des Bohrens st&auml;ndig gek&uuml;hlt und die entstehenden Sp&auml;ne zugleich aus der Bohrung transportiert werden m&uuml;ssen.\n\n<strong>&nbsp;<\/strong>\n\n<strong>Kontaktieren Sie uns!\nWir unterbreiten Ihnen ein preiswertes Angebot!<\/strong>\n<strong>Email: <a title=\"Kontakt per Email\" href=\"mailto:info@bf-tiefbohren.de\">info@bf-tiefbohren.de<\/a><\/strong>\n<strong>Telefon: 07382 \/ 93 77 60\nFax: 07382 \/ 93 77 77<\/strong>\n\n<strong>&nbsp;<\/strong>\n\n<strong>&nbsp;<\/strong>\n\n<hr>\n\n<h3>Tiefbohren per K&uuml;hlkanal- oder Erleichterungsbohren<\/h3>\nWie aber kann K&uuml;hlmittel zugef&uuml;hrt werden, wenn der Bohrer den gesamten Durchmesser der Bohrung ausf&uuml;llt? Unsere Profis greifen zum sogenannten K&uuml;hlkanal- oder Erleichterungsbohren. Diese speziellen Bohrer sind mit internen Kan&auml;len ausgestattet, durch die K&uuml;hlmittel direkt ins bearbeitete Werkst&uuml;ck gegeben wird. Ist es verbraucht, wandert es beim K&uuml;hlkanalbohren zusammen mit den Bohrsp&auml;nen durch die Bohrlippen in einen speziellen Auffangkasten\n<h4><\/h4>\n<h4><\/h4>\n<h4>Zertifizierter Fachbetrieb f&uuml;rs Tieflochbohren<\/h4>\nWir sind gem&auml;&szlig; den Normen ISO 9001:2015 und ISO 140001:2015 im Bereich &ldquo;Herstellung von Pr&auml;zisionstiefbohrungen in allen zerspanbaren Werkstoffen&rdquo; zertifiziert.\n\nWeitere Informationen und die aktuellen Zertifikate k&ouml;nnen unter <a href=\"https:\/\/www.bf-tiefbohren.de\/aktuelles\/\">Aktuelles bei B+F<\/a>&nbsp; eingesehen und heruntergeladen werden.\n\n<img decoding=\"async\" loading=\"lazy\" class=\"alignnone\" src=\"https:\/\/www.bf-tiefbohren.de\/wp-content\/uploads\/2020\/07\/ISO-9001-2015-Logo.png\" alt=\"\" width=\"95\" height=\"95\">\n<h4><\/h4>\n<h4>Tiefbohren mit Einlippenbohrer<\/h4>\nDie nachfolgende Grafik zeigt das ELB Tiefbohren anhand dem Einlippenbohrer (ELB). Der Span wird dabei im Bohrerschaft herausgef&uuml;hrt und durch das Dichtgeh&auml;use zum Auswurf bef&ouml;rdert. Anbei ein Querschnitt um das Tiefbohrverfahren ELB zu veranschaulichen. F&uuml;r Fragen stehen wir Ihnen gerne zur Verf&uuml;gung.\n\n<div id=\"attachment_376\" style=\"width: 410px\" class=\"wp-caption alignnone\"><a href=\"https:\/\/www.bf-tiefbohren.de\/wp-content\/uploads\/2014\/04\/Tiefbohren.png\" rel=\"attachment wp-att-376\"><img decoding=\"async\" loading=\"lazy\" aria-describedby=\"caption-attachment-376\" class=\"size-full wp-image-376\" src=\"https:\/\/www.bf-tiefbohren.de\/wp-content\/uploads\/2014\/04\/Tiefbohren.png\" alt=\"Tiefbohren\" width=\"400\" height=\"212\" srcset=\"https:\/\/www.bf-tiefbohren.de\/wp-content\/uploads\/2014\/04\/Tiefbohren.png 400w, https:\/\/www.bf-tiefbohren.de\/wp-content\/uploads\/2014\/04\/Tiefbohren-300x159.png 300w\" sizes=\"(max-width: 400px) 100vw, 400px\"><\/a><p id=\"caption-attachment-376\" class=\"wp-caption-text\">Tiefbohren ELB Verfahren (Copyright Firma Botek&reg;)<\/p><\/div>\n<h4><\/h4>\n<h4><\/h4>\n<h4>Optimale Tiefbohrung durch K&uuml;hlkanalbohren<\/h4>\nDas Resultat ist eine glatte, saubere Tiefbohrung in nahezu beliebiger Tiefe. Wir verwirklichen bei B+F sogar Bohrungen, die mehr als das 200 Fache des Durchmessers des zu bearbeitenden Werkst&uuml;cks betragen. Dabei spielt es keine Rolle, um welches Material es sich handelt. Mittels fortschrittlicher Zerspanungstechniken wie dem K&uuml;hlkanalbohren bearbeiten wir unter anderem folgende Materialen:\n<ul>\n \t<li>rostfreien Stahl, Edelstahl<\/li>\n \t<li>Schwermetalle<\/li>\n \t<li>Titan<\/li>\n \t<li>Kupfer<\/li>\n \t<li>Baustahl<\/li>\n \t<li>Messing<\/li>\n \t<li>Aluminium<\/li>\n \t<li>Kunststoff<\/li>\n<\/ul>\n<div id=\"attachment_513\" style=\"width: 710px\" class=\"wp-caption alignnone\"><a href=\"https:\/\/www.bf-tiefbohren.de\/wp-content\/uploads\/2014\/04\/Tiefbohren-1.png\"><img decoding=\"async\" loading=\"lazy\" aria-describedby=\"caption-attachment-513\" class=\"wp-image-513\" src=\"https:\/\/www.bf-tiefbohren.de\/wp-content\/uploads\/2014\/04\/Tiefbohren-1.png\" alt=\"Tiefbohren\" width=\"700\" height=\"395\" srcset=\"https:\/\/www.bf-tiefbohren.de\/wp-content\/uploads\/2014\/04\/Tiefbohren-1.png 979w, https:\/\/www.bf-tiefbohren.de\/wp-content\/uploads\/2014\/04\/Tiefbohren-1-300x169.png 300w, https:\/\/www.bf-tiefbohren.de\/wp-content\/uploads\/2014\/04\/Tiefbohren-1-768x433.png 768w, https:\/\/www.bf-tiefbohren.de\/wp-content\/uploads\/2014\/04\/Tiefbohren-1-624x352.png 624w\" sizes=\"(max-width: 700px) 100vw, 700px\"><\/a><p id=\"caption-attachment-513\" class=\"wp-caption-text\">Tiefbohren \/ Tieflochbohren Bohrung &Oslash;16,5mm x 305mm<\/p><\/div>\n\n<div id=\"attachment_515\" style=\"width: 710px\" class=\"wp-caption alignnone\"><a href=\"https:\/\/www.bf-tiefbohren.de\/wp-content\/uploads\/2017\/12\/Tieflochbohren-Spindeln.jpg\"><img decoding=\"async\" loading=\"lazy\" aria-describedby=\"caption-attachment-515\" class=\"wp-image-515\" src=\"https:\/\/www.bf-tiefbohren.de\/wp-content\/uploads\/2017\/12\/Tieflochbohren-Spindeln.jpg\" alt=\"Tieflochbohren Spindeln\" width=\"700\" height=\"395\" srcset=\"https:\/\/www.bf-tiefbohren.de\/wp-content\/uploads\/2017\/12\/Tieflochbohren-Spindeln.jpg 979w, https:\/\/www.bf-tiefbohren.de\/wp-content\/uploads\/2017\/12\/Tieflochbohren-Spindeln-300x169.jpg 300w, https:\/\/www.bf-tiefbohren.de\/wp-content\/uploads\/2017\/12\/Tieflochbohren-Spindeln-768x433.jpg 768w, https:\/\/www.bf-tiefbohren.de\/wp-content\/uploads\/2017\/12\/Tieflochbohren-Spindeln-624x352.jpg 624w\" sizes=\"(max-width: 700px) 100vw, 700px\"><\/a><p id=\"caption-attachment-515\" class=\"wp-caption-text\">Tieflochbohren von Spindeln (auf Tieflochbohrmaschine)<\/p><\/div>\n<h4><\/h4>\n<h4><\/h4>\n<h4>Tiefbohren von Metall, Kunststoff und anderen Materialien<\/h4>\nIm Bereich Tiefbohren in Lohnfertigung positioniert sich B+F als moderner und innovativer Anbieter, der Wert auf h&ouml;chste Kundenzufriedenheit und Qualit&auml;t legt. Aus diesem Grund greifen wir bei der Lohnfertigung von Metall und Kunststoff auf eine Vielzahl verschiedener Tiefbohrtechniken zur&uuml;ck. Was d&uuml;rfen wir f&uuml;r Sie bearbeiten &ndash; lange Werkst&uuml;cke bis 5.600 Millimeter oder Kleinstteile mit 2 Millimeter Bohrdurchmesser? Rotationssymmetrische Werkst&uuml;cke, kubische Werkst&uuml;cke oder flache Platten? Metallische Werkstoffe, Kunststoffe oder exotische, schwer zerspanbare Materialien?\n<h4><\/h4>\n<h4>Geschichte: B+F ist Ihr Tiefbohrspezialist seit 1977<\/h4>\nBei allen Fragen rund um perfekte Bohrungen erhalten Sie bei B+F pr&auml;zise und schnelle Antworten. Am liebsten lassen wir jedoch Taten sprechen, denn wie schon unser Firmengr&uuml;nder sagte: Unsere Arbeit ist die beste Werbung! &Uuml;berzeugen Sie sich selbst &ndash; im pers&ouml;nlichen Gespr&auml;ch oder indem Sie uns direkt auf die Probe stellen! Sie werden sehen: Mit B+F haben Sie die richtige Adresse in puncto Tieflochbohren gew&auml;hlt.\n\nUm Ihnen h&ouml;chste Pr&auml;zisions garantieren zu k&ouml;nnen verwenden wir professionelle Bohrwerzeuge wie Einlippenbohrer &amp; BTA-Bohrk&ouml;pfe des <a href=\"https:\/\/www.botek.de\" target=\"_blank\" rel=\"noopener noreferrer\">Herstellers Botek<\/a> aus Deutschland.\n<div class=\"mceTemp\"><\/div>\n<div class=\"mceTemp\"><\/div>\n<h1>What does &ldquo;deep-hole drilling&rdquo; make you think of?<\/h1>\nTools up to 5,600 mm long, or tiny components from 10 mm in diameter upwards? Rotationally symmetrical workpieces, cubic workpieces, or flat sheets? Metallic materials, plastics, or exotic, hard-to-machine materials? At B+F you&rsquo;ll get precise and quick answers to all your questions about perfect drilling. But we believe that action speaks louder than words. After all, in the words of our founder: &ldquo;Our work is our best advertisement.&rdquo; Take a look for yourself &ndash; in this interactive tour of our company, in a personal consultation, or simply by putting us to the test. We look forward to your requirements. And you&rsquo;ll see that by choosing B+F, you&rsquo;ve chosen the right address.\n\n\t\t\t\t\t<\/div>\n\t\t\t\t\t\t<\/div>\n\t\t\t\t<\/div>\n\t\t\t\t\t\t<\/div>\n\t\t\t\t\t<\/div>\n\t\t<\/div>\n\t\t\t\t\t\t\t\t<\/div>\n\t\t\t\t\t<\/div>\n\t\t<\/section>\n\t\t\t\t\t\t\t\t\t<\/div>\n\t\t\t<\/div>\n\t\t\t\t\t<\/div>\n\t\t","protected":false},"excerpt":{"rendered":"<p>Sorry, this entry is only available in Deutsch.<\/p>\n","protected":false},"author":1,"featured_media":0,"parent":0,"menu_order":0,"comment_status":"closed","ping_status":"closed","template":"","meta":[],"yoast_head":"<!-- This site is optimized with the Yoast SEO plugin v20.3 - https:\/\/yoast.com\/wordpress\/plugins\/seo\/ -->\n<title>Tiefbohren \/ Tieflochbohren \u00d82 - \u00d8170 mm \u2713 B+F die Profis im Tiefbohren<\/title>\n<meta name=\"description\" content=\"Tieflochbohren beim Profi B+F. Seit 1977 f\u00fchren wir das Tiefbohren f\u00fcr unsere Kunden durch. Jetzt preiswertes Angebot f\u00fcrs Tieflochbohren anfragen!\" \/>\n<meta name=\"robots\" content=\"index, follow, max-snippet:-1, max-image-preview:large, max-video-preview:-1\" \/>\n<link rel=\"canonical\" href=\"https:\/\/www.bf-tiefbohren.de\/\" \/>\n<meta property=\"og:locale\" content=\"en_US\" \/>\n<meta property=\"og:type\" content=\"article\" \/>\n<meta property=\"og:title\" content=\"Tiefbohren \/ Tieflochbohren \u00d82 - \u00d8170 mm \u2713 B+F die Profis im Tiefbohren\" \/>\n<meta property=\"og:description\" content=\"Tieflochbohren beim Profi B+F. Seit 1977 f\u00fchren wir das Tiefbohren f\u00fcr unsere Kunden durch. Jetzt preiswertes Angebot f\u00fcrs Tieflochbohren anfragen!\" \/>\n<meta property=\"og:url\" content=\"https:\/\/www.bf-tiefbohren.de\/\" \/>\n<meta property=\"og:site_name\" content=\"B+F Pr\u00e4zisionstiefbohr GmbH &amp; Co. KG - Tieflochbohren \/ Tiefbohren seit 1977\" \/>\n<meta property=\"article:modified_time\" content=\"2020-07-22T13:07:10+00:00\" \/>\n<meta property=\"og:image\" content=\"https:\/\/www.bf-tiefbohren.de\/wp-content\/uploads\/2020\/07\/ISO-9001-2015-Logo.png\" \/>\n<meta name=\"twitter:card\" content=\"summary_large_image\" \/>\n<meta name=\"twitter:label1\" content=\"Est. reading time\" \/>\n\t<meta name=\"twitter:data1\" content=\"4 minutes\" \/>\n<script type=\"application\/ld+json\" class=\"yoast-schema-graph\">{\"@context\":\"https:\/\/schema.org\",\"@graph\":[{\"@type\":\"WebPage\",\"@id\":\"https:\/\/www.bf-tiefbohren.de\/\",\"url\":\"https:\/\/www.bf-tiefbohren.de\/\",\"name\":\"Tiefbohren \/ Tieflochbohren \u00d82 - \u00d8170 mm \u2713 B+F die Profis im Tiefbohren\",\"isPartOf\":{\"@id\":\"https:\/\/www.bf-tiefbohren.de\/#website\"},\"datePublished\":\"2014-04-03T13:22:09+00:00\",\"dateModified\":\"2020-07-22T13:07:10+00:00\",\"description\":\"Tieflochbohren beim Profi B+F. Seit 1977 f\u00fchren wir das Tiefbohren f\u00fcr unsere Kunden durch. Jetzt preiswertes Angebot f\u00fcrs Tieflochbohren anfragen!\",\"breadcrumb\":{\"@id\":\"https:\/\/www.bf-tiefbohren.de\/#breadcrumb\"},\"inLanguage\":\"en-US\",\"potentialAction\":[{\"@type\":\"ReadAction\",\"target\":[\"https:\/\/www.bf-tiefbohren.de\/\"]}]},{\"@type\":\"BreadcrumbList\",\"@id\":\"https:\/\/www.bf-tiefbohren.de\/#breadcrumb\",\"itemListElement\":[{\"@type\":\"ListItem\",\"position\":1,\"name\":\"Startseite\",\"item\":\"https:\/\/www.bf-tiefbohren.de\/\"},{\"@type\":\"ListItem\",\"position\":2,\"name\":\"Startseite\"}]},{\"@type\":\"WebSite\",\"@id\":\"https:\/\/www.bf-tiefbohren.de\/#website\",\"url\":\"https:\/\/www.bf-tiefbohren.de\/\",\"name\":\"B+F Pr\u00e4zisionstiefbohr GmbH &amp; Co. KG - Tieflochbohren \/ Tiefbohren seit 1977\",\"description\":\"Die B+F GmbH besch\u00e4ftigt sich seit 1977 mit dem professionellen Tieflochbohren im Lohn von \u00d82 bis \u00d8170mm\",\"potentialAction\":[{\"@type\":\"SearchAction\",\"target\":{\"@type\":\"EntryPoint\",\"urlTemplate\":\"https:\/\/www.bf-tiefbohren.de\/?s={search_term_string}\"},\"query-input\":\"required name=search_term_string\"}],\"inLanguage\":\"en-US\"}]}<\/script>\n<!-- \/ Yoast SEO plugin. -->","yoast_head_json":{"title":"Tiefbohren \/ Tieflochbohren \u00d82 - \u00d8170 mm \u2713 B+F die Profis im Tiefbohren","description":"Tieflochbohren beim Profi B+F. Seit 1977 f\u00fchren wir das Tiefbohren f\u00fcr unsere Kunden durch. Jetzt preiswertes Angebot f\u00fcrs Tieflochbohren anfragen!","robots":{"index":"index","follow":"follow","max-snippet":"max-snippet:-1","max-image-preview":"max-image-preview:large","max-video-preview":"max-video-preview:-1"},"canonical":"https:\/\/www.bf-tiefbohren.de\/","og_locale":"en_US","og_type":"article","og_title":"Tiefbohren \/ Tieflochbohren \u00d82 - \u00d8170 mm \u2713 B+F die Profis im Tiefbohren","og_description":"Tieflochbohren beim Profi B+F. Seit 1977 f\u00fchren wir das Tiefbohren f\u00fcr unsere Kunden durch. Jetzt preiswertes Angebot f\u00fcrs Tieflochbohren anfragen!","og_url":"https:\/\/www.bf-tiefbohren.de\/","og_site_name":"B+F Pr\u00e4zisionstiefbohr GmbH &amp; Co. KG - Tieflochbohren \/ Tiefbohren seit 1977","article_modified_time":"2020-07-22T13:07:10+00:00","og_image":[{"url":"https:\/\/www.bf-tiefbohren.de\/wp-content\/uploads\/2020\/07\/ISO-9001-2015-Logo.png"}],"twitter_card":"summary_large_image","twitter_misc":{"Est. reading time":"4 minutes"},"schema":{"@context":"https:\/\/schema.org","@graph":[{"@type":"WebPage","@id":"https:\/\/www.bf-tiefbohren.de\/","url":"https:\/\/www.bf-tiefbohren.de\/","name":"Tiefbohren \/ Tieflochbohren \u00d82 - \u00d8170 mm \u2713 B+F die Profis im Tiefbohren","isPartOf":{"@id":"https:\/\/www.bf-tiefbohren.de\/#website"},"datePublished":"2014-04-03T13:22:09+00:00","dateModified":"2020-07-22T13:07:10+00:00","description":"Tieflochbohren beim Profi B+F. Seit 1977 f\u00fchren wir das Tiefbohren f\u00fcr unsere Kunden durch. Jetzt preiswertes Angebot f\u00fcrs Tieflochbohren anfragen!","breadcrumb":{"@id":"https:\/\/www.bf-tiefbohren.de\/#breadcrumb"},"inLanguage":"en-US","potentialAction":[{"@type":"ReadAction","target":["https:\/\/www.bf-tiefbohren.de\/"]}]},{"@type":"BreadcrumbList","@id":"https:\/\/www.bf-tiefbohren.de\/#breadcrumb","itemListElement":[{"@type":"ListItem","position":1,"name":"Startseite","item":"https:\/\/www.bf-tiefbohren.de\/"},{"@type":"ListItem","position":2,"name":"Startseite"}]},{"@type":"WebSite","@id":"https:\/\/www.bf-tiefbohren.de\/#website","url":"https:\/\/www.bf-tiefbohren.de\/","name":"B+F Pr\u00e4zisionstiefbohr GmbH &amp; Co. KG - Tieflochbohren \/ Tiefbohren seit 1977","description":"Die B+F GmbH besch\u00e4ftigt sich seit 1977 mit dem professionellen Tieflochbohren im Lohn von \u00d82 bis \u00d8170mm","potentialAction":[{"@type":"SearchAction","target":{"@type":"EntryPoint","urlTemplate":"https:\/\/www.bf-tiefbohren.de\/?s={search_term_string}"},"query-input":"required name=search_term_string"}],"inLanguage":"en-US"}]}},"_links":{"self":[{"href":"https:\/\/www.bf-tiefbohren.de\/en\/wp-json\/wp\/v2\/pages\/60"}],"collection":[{"href":"https:\/\/www.bf-tiefbohren.de\/en\/wp-json\/wp\/v2\/pages"}],"about":[{"href":"https:\/\/www.bf-tiefbohren.de\/en\/wp-json\/wp\/v2\/types\/page"}],"author":[{"embeddable":true,"href":"https:\/\/www.bf-tiefbohren.de\/en\/wp-json\/wp\/v2\/users\/1"}],"replies":[{"embeddable":true,"href":"https:\/\/www.bf-tiefbohren.de\/en\/wp-json\/wp\/v2\/comments?post=60"}],"version-history":[{"count":70,"href":"https:\/\/www.bf-tiefbohren.de\/en\/wp-json\/wp\/v2\/pages\/60\/revisions"}],"predecessor-version":[{"id":524,"href":"https:\/\/www.bf-tiefbohren.de\/en\/wp-json\/wp\/v2\/pages\/60\/revisions\/524"}],"wp:attachment":[{"href":"https:\/\/www.bf-tiefbohren.de\/en\/wp-json\/wp\/v2\/media?parent=60"}],"curies":[{"name":"wp","href":"https:\/\/api.w.org\/{rel}","templated":true}]}}