{"id":113,"date":"2014-04-07T11:00:33","date_gmt":"2014-04-07T09:00:33","guid":{"rendered":"http:\/\/54094414.swh.strato-hosting.eu\/wordpress\/?page_id=113"},"modified":"2020-07-23T07:37:27","modified_gmt":"2020-07-23T05:37:27","slug":"wie-sie-uns-finden","status":"publish","type":"page","link":"https:\/\/www.bf-tiefbohren.de\/en\/how-to-find-us\/","title":{"rendered":"(Deutsch) Wie Sie uns finden"},"content":{"rendered":"<h1>How to find us<\/h1>\n<div class=\"content-zeile\">\n<div class=\"content-links\">\n<p>It certainly won&rsquo;t surprise you to know that an inventive precision deep-drilling company comes from the south of Germany. Ever since it was industrialized, this area has developed an enormous amount of know-how in metal-working and plastic processing. Here you&rsquo;ll find that people keep the promises they make. Here you&rsquo;ll find one of the finest regions of the Swabian Jura &ndash; and of course B+F as well.<\/p>\n<\/div>\n<div class=\"content-rechts\"><img decoding=\"async\" alt=\"\" src=\"\/wordpress\/wp-content\/uploads\/2014\/04\/img_12102.jpg\"><\/div>\n<\/div>\n<div class=\"content-zeile\">\n<div class=\"content-links\">\n<p>Our location has a lot going for it. Despite the region&rsquo;s idyllic location up in the mountains, it is extremely &ldquo;well connected&rdquo; from the traffic point of view for reliable logistics, via the A8 Stuttgart-Munich autobahn, the B28 between Reutlingen and Ulm, and the B465.<\/p>\n<p>Anyone who visits us will experience a great deal more besides precision deep-drilling: the natural beauty of the Swabian Jura, magnificent hiking trails, the thermal spa towns of Bad Urach and Beuren, geologically fascinating regions, and also a secret Swabian tip: the factory outlet sales in Metzingen. As you can see we&rsquo;re in the best of company and there are lots of good reasons to bear the name Zainingen firmly in mind<\/p>\n<\/div>\n<div class=\"content-rechts\"><img decoding=\"async\" alt=\"\" src=\"\/wordpress\/wp-content\/uploads\/2014\/04\/img_12202.gif\"><br>\n<a href=\"\/wordpress\/wp-content\/uploads\/2014\/04\/karte_region-gross.gif\" target=\"blank\" rel=\"noopener noreferrer\">Karte vergr&ouml;&szlig;ern<\/a><\/div>\n<\/div>\n<div class=\"content-zeile\" style=\"margin-bottom: 0;\">\n<div class=\"content-links\">\n<p>Our home town of Zainingen is part of the <a href=\"http:\/\/www.roemerstein.de\">R&ouml;merstein<\/a> region, which derives its name from the highest elevation of the central Swabian Jura, the R&ouml;merstein (876 meters above sea-level).<\/p>\n<p>Come and visit us &ndash; we&rsquo;ll be happy to see you!<\/p>\n<p>B+F Pr&auml;zisionstiefbohr GmbH &amp; Co. KG<\/p>\n<p>Industriegebiet Viehtrieb 6<\/p>\n<p>72587 R&ouml;merstein-Zainingen<\/p>\n<p>Telefon: ++49 (0) 7382 \/ 9377 &ndash; 60<\/p>\n<p>Telefax: ++49 (0) 7382 \/ 9377 &ndash; 77<\/p>\n<p>info@bf-tiefbohren.de<\/p>\n<\/div>\n<div class=\"content-rechts\"><img decoding=\"async\" alt=\"\" src=\"\/wordpress\/wp-content\/uploads\/2014\/04\/img_12302.gif\"><br>\n<a href=\"\/wordpress\/wp-content\/uploads\/2014\/04\/karte_lokal-gross.gif\" target=\"blank\" rel=\"noopener noreferrer\">Karte vergr&ouml;&szlig;ern<\/a><\/div>\n<\/div>\n<style><!--\n#background .attachment-post-thumbnail {\nmargin-left: 176px\n}\n--><\/style>\n","protected":false},"excerpt":{"rendered":"<p>How to find us It certainly won&#8217;t surprise you to know that an inventive precision deep-drilling company comes from the south of Germany. Ever since it was industrialized, this area has developed an enormous amount of know-how in metal-working and plastic processing. Here you&#8217;ll find that people keep the promises they make. Here you&#8217;ll find [&hellip;]<\/p>\n","protected":false},"author":1,"featured_media":192,"parent":0,"menu_order":0,"comment_status":"closed","ping_status":"closed","template":"","meta":[],"yoast_head":"<!-- This site is optimized with the Yoast SEO plugin v20.3 - https:\/\/yoast.com\/wordpress\/plugins\/seo\/ -->\n<title>Wie Sie uns finden - B+F Pr\u00e4zisionstiefbohr GmbH &amp; Co. KG - Tieflochbohren \/ Tiefbohren seit 1977<\/title>\n<meta name=\"robots\" content=\"index, follow, max-snippet:-1, max-image-preview:large, max-video-preview:-1\" \/>\n<link rel=\"canonical\" href=\"https:\/\/www.bf-tiefbohren.de\/wie-sie-uns-finden\/\" \/>\n<meta property=\"og:locale\" content=\"en_US\" \/>\n<meta property=\"og:type\" content=\"article\" \/>\n<meta property=\"og:title\" content=\"Wie Sie uns finden - B+F Pr\u00e4zisionstiefbohr GmbH &amp; Co. KG - Tieflochbohren \/ Tiefbohren seit 1977\" \/>\n<meta property=\"og:description\" content=\"How to find us It certainly won&#8217;t surprise you to know that an inventive precision deep-drilling company comes from the south of Germany. Ever since it was industrialized, this area has developed an enormous amount of know-how in metal-working and plastic processing. Here you&#8217;ll find that people keep the promises they make. Here you&#8217;ll find [&hellip;]\" \/>\n<meta property=\"og:url\" content=\"https:\/\/www.bf-tiefbohren.de\/wie-sie-uns-finden\/\" \/>\n<meta property=\"og:site_name\" content=\"B+F Pr\u00e4zisionstiefbohr GmbH &amp; Co. KG - Tieflochbohren \/ Tiefbohren seit 1977\" \/>\n<meta property=\"article:modified_time\" content=\"2020-07-23T05:37:27+00:00\" \/>\n<meta property=\"og:image\" content=\"https:\/\/www.bf-tiefbohren.de\/wp-content\/uploads\/2014\/04\/wie-sie-uns-finden.jpg\" \/>\n\t<meta property=\"og:image:width\" content=\"326\" \/>\n\t<meta property=\"og:image:height\" content=\"110\" \/>\n\t<meta property=\"og:image:type\" content=\"image\/jpeg\" \/>\n<meta name=\"twitter:card\" content=\"summary_large_image\" \/>\n<meta name=\"twitter:label1\" content=\"Est. reading time\" \/>\n\t<meta name=\"twitter:data1\" content=\"3 minutes\" \/>\n<script type=\"application\/ld+json\" class=\"yoast-schema-graph\">{\"@context\":\"https:\/\/schema.org\",\"@graph\":[{\"@type\":\"WebPage\",\"@id\":\"https:\/\/www.bf-tiefbohren.de\/wie-sie-uns-finden\/\",\"url\":\"https:\/\/www.bf-tiefbohren.de\/wie-sie-uns-finden\/\",\"name\":\"Wie Sie uns finden - B+F Pr\u00e4zisionstiefbohr GmbH &amp; Co. KG - Tieflochbohren \/ Tiefbohren seit 1977\",\"isPartOf\":{\"@id\":\"https:\/\/www.bf-tiefbohren.de\/#website\"},\"datePublished\":\"2014-04-07T09:00:33+00:00\",\"dateModified\":\"2020-07-23T05:37:27+00:00\",\"breadcrumb\":{\"@id\":\"https:\/\/www.bf-tiefbohren.de\/wie-sie-uns-finden\/#breadcrumb\"},\"inLanguage\":\"en-US\",\"potentialAction\":[{\"@type\":\"ReadAction\",\"target\":[\"https:\/\/www.bf-tiefbohren.de\/wie-sie-uns-finden\/\"]}]},{\"@type\":\"BreadcrumbList\",\"@id\":\"https:\/\/www.bf-tiefbohren.de\/wie-sie-uns-finden\/#breadcrumb\",\"itemListElement\":[{\"@type\":\"ListItem\",\"position\":1,\"name\":\"Startseite\",\"item\":\"https:\/\/www.bf-tiefbohren.de\/\"},{\"@type\":\"ListItem\",\"position\":2,\"name\":\"Wie Sie uns finden\"}]},{\"@type\":\"WebSite\",\"@id\":\"https:\/\/www.bf-tiefbohren.de\/#website\",\"url\":\"https:\/\/www.bf-tiefbohren.de\/\",\"name\":\"B+F Pr\u00e4zisionstiefbohr GmbH &amp; Co. KG - Tieflochbohren \/ Tiefbohren seit 1977\",\"description\":\"Die B+F GmbH besch\u00e4ftigt sich seit 1977 mit dem professionellen Tieflochbohren im Lohn von \u00d82 bis \u00d8170mm\",\"potentialAction\":[{\"@type\":\"SearchAction\",\"target\":{\"@type\":\"EntryPoint\",\"urlTemplate\":\"https:\/\/www.bf-tiefbohren.de\/?s={search_term_string}\"},\"query-input\":\"required name=search_term_string\"}],\"inLanguage\":\"en-US\"}]}<\/script>\n<!-- \/ Yoast SEO plugin. -->","yoast_head_json":{"title":"Wie Sie uns finden - B+F Pr\u00e4zisionstiefbohr GmbH &amp; Co. KG - Tieflochbohren \/ Tiefbohren seit 1977","robots":{"index":"index","follow":"follow","max-snippet":"max-snippet:-1","max-image-preview":"max-image-preview:large","max-video-preview":"max-video-preview:-1"},"canonical":"https:\/\/www.bf-tiefbohren.de\/wie-sie-uns-finden\/","og_locale":"en_US","og_type":"article","og_title":"Wie Sie uns finden - B+F Pr\u00e4zisionstiefbohr GmbH &amp; Co. KG - Tieflochbohren \/ Tiefbohren seit 1977","og_description":"How to find us It certainly won&#8217;t surprise you to know that an inventive precision deep-drilling company comes from the south of Germany. Ever since it was industrialized, this area has developed an enormous amount of know-how in metal-working and plastic processing. Here you&#8217;ll find that people keep the promises they make. Here you&#8217;ll find [&hellip;]","og_url":"https:\/\/www.bf-tiefbohren.de\/wie-sie-uns-finden\/","og_site_name":"B+F Pr\u00e4zisionstiefbohr GmbH &amp; Co. KG - Tieflochbohren \/ Tiefbohren seit 1977","article_modified_time":"2020-07-23T05:37:27+00:00","og_image":[{"width":326,"height":110,"url":"https:\/\/www.bf-tiefbohren.de\/wp-content\/uploads\/2014\/04\/wie-sie-uns-finden.jpg","type":"image\/jpeg"}],"twitter_card":"summary_large_image","twitter_misc":{"Est. reading time":"3 minutes"},"schema":{"@context":"https:\/\/schema.org","@graph":[{"@type":"WebPage","@id":"https:\/\/www.bf-tiefbohren.de\/wie-sie-uns-finden\/","url":"https:\/\/www.bf-tiefbohren.de\/wie-sie-uns-finden\/","name":"Wie Sie uns finden - B+F Pr\u00e4zisionstiefbohr GmbH &amp; Co. KG - Tieflochbohren \/ Tiefbohren seit 1977","isPartOf":{"@id":"https:\/\/www.bf-tiefbohren.de\/#website"},"datePublished":"2014-04-07T09:00:33+00:00","dateModified":"2020-07-23T05:37:27+00:00","breadcrumb":{"@id":"https:\/\/www.bf-tiefbohren.de\/wie-sie-uns-finden\/#breadcrumb"},"inLanguage":"en-US","potentialAction":[{"@type":"ReadAction","target":["https:\/\/www.bf-tiefbohren.de\/wie-sie-uns-finden\/"]}]},{"@type":"BreadcrumbList","@id":"https:\/\/www.bf-tiefbohren.de\/wie-sie-uns-finden\/#breadcrumb","itemListElement":[{"@type":"ListItem","position":1,"name":"Startseite","item":"https:\/\/www.bf-tiefbohren.de\/"},{"@type":"ListItem","position":2,"name":"Wie Sie uns finden"}]},{"@type":"WebSite","@id":"https:\/\/www.bf-tiefbohren.de\/#website","url":"https:\/\/www.bf-tiefbohren.de\/","name":"B+F Pr\u00e4zisionstiefbohr GmbH &amp; Co. KG - Tieflochbohren \/ Tiefbohren seit 1977","description":"Die B+F GmbH besch\u00e4ftigt sich seit 1977 mit dem professionellen Tieflochbohren im Lohn von \u00d82 bis \u00d8170mm","potentialAction":[{"@type":"SearchAction","target":{"@type":"EntryPoint","urlTemplate":"https:\/\/www.bf-tiefbohren.de\/?s={search_term_string}"},"query-input":"required name=search_term_string"}],"inLanguage":"en-US"}]}},"_links":{"self":[{"href":"https:\/\/www.bf-tiefbohren.de\/en\/wp-json\/wp\/v2\/pages\/113"}],"collection":[{"href":"https:\/\/www.bf-tiefbohren.de\/en\/wp-json\/wp\/v2\/pages"}],"about":[{"href":"https:\/\/www.bf-tiefbohren.de\/en\/wp-json\/wp\/v2\/types\/page"}],"author":[{"embeddable":true,"href":"https:\/\/www.bf-tiefbohren.de\/en\/wp-json\/wp\/v2\/users\/1"}],"replies":[{"embeddable":true,"href":"https:\/\/www.bf-tiefbohren.de\/en\/wp-json\/wp\/v2\/comments?post=113"}],"version-history":[{"count":16,"href":"https:\/\/www.bf-tiefbohren.de\/en\/wp-json\/wp\/v2\/pages\/113\/revisions"}],"predecessor-version":[{"id":729,"href":"https:\/\/www.bf-tiefbohren.de\/en\/wp-json\/wp\/v2\/pages\/113\/revisions\/729"}],"wp:featuredmedia":[{"embeddable":true,"href":"https:\/\/www.bf-tiefbohren.de\/en\/wp-json\/wp\/v2\/media\/192"}],"wp:attachment":[{"href":"https:\/\/www.bf-tiefbohren.de\/en\/wp-json\/wp\/v2\/media?parent=113"}],"curies":[{"name":"wp","href":"https:\/\/api.w.org\/{rel}","templated":true}]}}