{"id":107,"date":"2014-04-03T16:16:32","date_gmt":"2014-04-03T14:16:32","guid":{"rendered":"http:\/\/54094414.swh.strato-hosting.eu\/wordpress\/?page_id=107"},"modified":"2020-07-23T07:41:10","modified_gmt":"2020-07-23T05:41:10","slug":"referenzen","status":"publish","type":"page","link":"https:\/\/www.bf-tiefbohren.de\/en\/references\/","title":{"rendered":"(Deutsch) Referenzen"},"content":{"rendered":"<h1>References &ndash; Feel at home with B+F.<\/h1>\n<p>B+F&rsquo;s reputation with its customers is that it produces economical solutions where others have not even begun to look for them. Of course we have our limitations as far as dimensions, materials and physical parameters are concerned. But we are very good at what we do. Indeed, our work has always been our best advertisement. That is proven by the high number of loyal B+F customers who have relied on us for decades.<\/p>\n<h2>Precision Deep Drilling &ndash; Not Called &ldquo;Precision&rdquo; for Nothing.<\/h2>\n<p>We number all kinds of different branches of industry among our customers &ndash; and new ones are being added all the time. In the tools of 10 mm or longer sector, and increasing number of companies are discovering the advantages of precision deep-hole drilling. Wherever classic &ldquo;drilling&rdquo; reaches its limits of precision because of centricity or concentricity, we are being called in as <a href=\"..\/the-spectrum\/\">specialists<\/a> increasingly often.<\/p>\n<style>\n#background .attachment-post-thumbnail {<br \/>\n  margin-left: 0<br \/>\n}<br \/>\n<\/style>\n","protected":false},"excerpt":{"rendered":"<p>References &#8211; Feel at home with B+F. B+F&#8217;s reputation with its customers is that it produces economical solutions where others have not even begun to look for them. Of course we have our limitations as far as dimensions, materials and physical parameters are concerned. But we are very good at what we do. Indeed, our [&hellip;]<\/p>\n","protected":false},"author":1,"featured_media":185,"parent":0,"menu_order":0,"comment_status":"closed","ping_status":"closed","template":"","meta":[],"yoast_head":"<!-- This site is optimized with the Yoast SEO plugin v20.3 - https:\/\/yoast.com\/wordpress\/plugins\/seo\/ -->\n<title>Referenzen - B+F Pr\u00e4zisionstiefbohr GmbH &amp; Co. KG - Tieflochbohren \/ Tiefbohren seit 1977<\/title>\n<meta name=\"robots\" content=\"index, follow, max-snippet:-1, max-image-preview:large, max-video-preview:-1\" \/>\n<link rel=\"canonical\" href=\"https:\/\/www.bf-tiefbohren.de\/referenzen\/\" \/>\n<meta property=\"og:locale\" content=\"en_US\" \/>\n<meta property=\"og:type\" content=\"article\" \/>\n<meta property=\"og:title\" content=\"Referenzen - B+F Pr\u00e4zisionstiefbohr GmbH &amp; Co. KG - Tieflochbohren \/ Tiefbohren seit 1977\" \/>\n<meta property=\"og:description\" content=\"References &#8211; Feel at home with B+F. B+F&#8217;s reputation with its customers is that it produces economical solutions where others have not even begun to look for them. Of course we have our limitations as far as dimensions, materials and physical parameters are concerned. But we are very good at what we do. Indeed, our [&hellip;]\" \/>\n<meta property=\"og:url\" content=\"https:\/\/www.bf-tiefbohren.de\/referenzen\/\" \/>\n<meta property=\"og:site_name\" content=\"B+F Pr\u00e4zisionstiefbohr GmbH &amp; Co. KG - Tieflochbohren \/ Tiefbohren seit 1977\" \/>\n<meta property=\"article:modified_time\" content=\"2020-07-23T05:41:10+00:00\" \/>\n<meta property=\"og:image\" content=\"https:\/\/www.bf-tiefbohren.de\/wp-content\/uploads\/2014\/04\/referenzen.jpg\" \/>\n\t<meta property=\"og:image:width\" content=\"475\" \/>\n\t<meta property=\"og:image:height\" content=\"110\" \/>\n\t<meta property=\"og:image:type\" content=\"image\/jpeg\" \/>\n<meta name=\"twitter:card\" content=\"summary_large_image\" \/>\n<meta name=\"twitter:label1\" content=\"Est. reading time\" \/>\n\t<meta name=\"twitter:data1\" content=\"2 minutes\" \/>\n<script type=\"application\/ld+json\" class=\"yoast-schema-graph\">{\"@context\":\"https:\/\/schema.org\",\"@graph\":[{\"@type\":\"WebPage\",\"@id\":\"https:\/\/www.bf-tiefbohren.de\/referenzen\/\",\"url\":\"https:\/\/www.bf-tiefbohren.de\/referenzen\/\",\"name\":\"Referenzen - B+F Pr\u00e4zisionstiefbohr GmbH &amp; Co. KG - Tieflochbohren \/ Tiefbohren seit 1977\",\"isPartOf\":{\"@id\":\"https:\/\/www.bf-tiefbohren.de\/#website\"},\"datePublished\":\"2014-04-03T14:16:32+00:00\",\"dateModified\":\"2020-07-23T05:41:10+00:00\",\"breadcrumb\":{\"@id\":\"https:\/\/www.bf-tiefbohren.de\/referenzen\/#breadcrumb\"},\"inLanguage\":\"en-US\",\"potentialAction\":[{\"@type\":\"ReadAction\",\"target\":[\"https:\/\/www.bf-tiefbohren.de\/referenzen\/\"]}]},{\"@type\":\"BreadcrumbList\",\"@id\":\"https:\/\/www.bf-tiefbohren.de\/referenzen\/#breadcrumb\",\"itemListElement\":[{\"@type\":\"ListItem\",\"position\":1,\"name\":\"Startseite\",\"item\":\"https:\/\/www.bf-tiefbohren.de\/\"},{\"@type\":\"ListItem\",\"position\":2,\"name\":\"Referenzen\"}]},{\"@type\":\"WebSite\",\"@id\":\"https:\/\/www.bf-tiefbohren.de\/#website\",\"url\":\"https:\/\/www.bf-tiefbohren.de\/\",\"name\":\"B+F Pr\u00e4zisionstiefbohr GmbH &amp; Co. KG - Tieflochbohren \/ Tiefbohren seit 1977\",\"description\":\"Die B+F GmbH besch\u00e4ftigt sich seit 1977 mit dem professionellen Tieflochbohren im Lohn von \u00d82 bis \u00d8170mm\",\"potentialAction\":[{\"@type\":\"SearchAction\",\"target\":{\"@type\":\"EntryPoint\",\"urlTemplate\":\"https:\/\/www.bf-tiefbohren.de\/?s={search_term_string}\"},\"query-input\":\"required name=search_term_string\"}],\"inLanguage\":\"en-US\"}]}<\/script>\n<!-- \/ Yoast SEO plugin. -->","yoast_head_json":{"title":"Referenzen - B+F Pr\u00e4zisionstiefbohr GmbH &amp; Co. KG - Tieflochbohren \/ Tiefbohren seit 1977","robots":{"index":"index","follow":"follow","max-snippet":"max-snippet:-1","max-image-preview":"max-image-preview:large","max-video-preview":"max-video-preview:-1"},"canonical":"https:\/\/www.bf-tiefbohren.de\/referenzen\/","og_locale":"en_US","og_type":"article","og_title":"Referenzen - B+F Pr\u00e4zisionstiefbohr GmbH &amp; Co. KG - Tieflochbohren \/ Tiefbohren seit 1977","og_description":"References &#8211; Feel at home with B+F. B+F&#8217;s reputation with its customers is that it produces economical solutions where others have not even begun to look for them. Of course we have our limitations as far as dimensions, materials and physical parameters are concerned. But we are very good at what we do. Indeed, our [&hellip;]","og_url":"https:\/\/www.bf-tiefbohren.de\/referenzen\/","og_site_name":"B+F Pr\u00e4zisionstiefbohr GmbH &amp; Co. KG - Tieflochbohren \/ Tiefbohren seit 1977","article_modified_time":"2020-07-23T05:41:10+00:00","og_image":[{"width":475,"height":110,"url":"https:\/\/www.bf-tiefbohren.de\/wp-content\/uploads\/2014\/04\/referenzen.jpg","type":"image\/jpeg"}],"twitter_card":"summary_large_image","twitter_misc":{"Est. reading time":"2 minutes"},"schema":{"@context":"https:\/\/schema.org","@graph":[{"@type":"WebPage","@id":"https:\/\/www.bf-tiefbohren.de\/referenzen\/","url":"https:\/\/www.bf-tiefbohren.de\/referenzen\/","name":"Referenzen - B+F Pr\u00e4zisionstiefbohr GmbH &amp; Co. KG - Tieflochbohren \/ Tiefbohren seit 1977","isPartOf":{"@id":"https:\/\/www.bf-tiefbohren.de\/#website"},"datePublished":"2014-04-03T14:16:32+00:00","dateModified":"2020-07-23T05:41:10+00:00","breadcrumb":{"@id":"https:\/\/www.bf-tiefbohren.de\/referenzen\/#breadcrumb"},"inLanguage":"en-US","potentialAction":[{"@type":"ReadAction","target":["https:\/\/www.bf-tiefbohren.de\/referenzen\/"]}]},{"@type":"BreadcrumbList","@id":"https:\/\/www.bf-tiefbohren.de\/referenzen\/#breadcrumb","itemListElement":[{"@type":"ListItem","position":1,"name":"Startseite","item":"https:\/\/www.bf-tiefbohren.de\/"},{"@type":"ListItem","position":2,"name":"Referenzen"}]},{"@type":"WebSite","@id":"https:\/\/www.bf-tiefbohren.de\/#website","url":"https:\/\/www.bf-tiefbohren.de\/","name":"B+F Pr\u00e4zisionstiefbohr GmbH &amp; Co. KG - Tieflochbohren \/ Tiefbohren seit 1977","description":"Die B+F GmbH besch\u00e4ftigt sich seit 1977 mit dem professionellen Tieflochbohren im Lohn von \u00d82 bis \u00d8170mm","potentialAction":[{"@type":"SearchAction","target":{"@type":"EntryPoint","urlTemplate":"https:\/\/www.bf-tiefbohren.de\/?s={search_term_string}"},"query-input":"required name=search_term_string"}],"inLanguage":"en-US"}]}},"_links":{"self":[{"href":"https:\/\/www.bf-tiefbohren.de\/en\/wp-json\/wp\/v2\/pages\/107"}],"collection":[{"href":"https:\/\/www.bf-tiefbohren.de\/en\/wp-json\/wp\/v2\/pages"}],"about":[{"href":"https:\/\/www.bf-tiefbohren.de\/en\/wp-json\/wp\/v2\/types\/page"}],"author":[{"embeddable":true,"href":"https:\/\/www.bf-tiefbohren.de\/en\/wp-json\/wp\/v2\/users\/1"}],"replies":[{"embeddable":true,"href":"https:\/\/www.bf-tiefbohren.de\/en\/wp-json\/wp\/v2\/comments?post=107"}],"version-history":[{"count":9,"href":"https:\/\/www.bf-tiefbohren.de\/en\/wp-json\/wp\/v2\/pages\/107\/revisions"}],"predecessor-version":[{"id":732,"href":"https:\/\/www.bf-tiefbohren.de\/en\/wp-json\/wp\/v2\/pages\/107\/revisions\/732"}],"wp:featuredmedia":[{"embeddable":true,"href":"https:\/\/www.bf-tiefbohren.de\/en\/wp-json\/wp\/v2\/media\/185"}],"wp:attachment":[{"href":"https:\/\/www.bf-tiefbohren.de\/en\/wp-json\/wp\/v2\/media?parent=107"}],"curies":[{"name":"wp","href":"https:\/\/api.w.org\/{rel}","templated":true}]}}